{"id":30,"date":"2023-01-08T11:52:51","date_gmt":"2023-01-08T11:52:51","guid":{"rendered":"https:\/\/www.letris.ro\/web\/?page_id=30"},"modified":"2023-01-10T13:22:37","modified_gmt":"2023-01-10T13:22:37","slug":"pachete-si-preturi","status":"publish","type":"page","link":"https:\/\/www.letris.ro\/web\/pachete-si-preturi\/","title":{"rendered":"Pachete si preturi"},"content":{"rendered":"<section class=\"l-section wpb_row height_small color_alternate\"><div class=\"l-section-h i-cf\"><div class=\"g-cols vc_row via_grid cols_1 laptops-cols_inherit tablets-cols_inherit mobiles-cols_1 valign_top type_default stacking_default\"><div class=\"wpb_column vc_column_container\"><div class=\"vc_column-inner\"><div class=\"wpb_text_column\"><div class=\"wpb_wrapper\"><h1 style=\"text-align: center;\">PRE\u021aURI<\/h1>\n<p style=\"text-align: center;\"><strong>Tipologii \u0219i dimensiuni proiecte digitalizare afacere<\/strong><\/p>\n<\/div><\/div><\/div><\/div><\/div><\/div><\/section><section class=\"l-section wpb_row height_small\"><div class=\"l-section-h i-cf\"><div class=\"g-cols vc_row via_grid cols_3 laptops-cols_inherit tablets-cols_inherit mobiles-cols_1 valign_top type_default stacking_default\"><div class=\"wpb_column vc_column_container\"><div class=\"vc_column-inner\"><div class=\"w-pricing style_cards items_1\"><div class=\"w-pricing-item type_featured\"><div class=\"w-pricing-item-h\"><div class=\"w-pricing-item-header\"><div class=\"w-pricing-item-title\">1.500-3.000 euro<\/div><div class=\"w-pricing-item-price\">Asisten\u021b\u0103<small>pe lun\u0103<\/small><\/div><\/div><ul class=\"w-pricing-item-features\"><li class=\"w-pricing-item-feature\">Serviciu recurent<\/li><li class=\"w-pricing-item-feature\">La cerere \/ cazuri suport<\/li><li class=\"w-pricing-item-feature\">SLA (service level agreement) garantat<\/li><li class=\"w-pricing-item-feature\">Reprezentare \u00een rela\u021bia cu ter\u021bi<\/li><li class=\"w-pricing-item-feature\">Rapoarte de activitate<\/li><\/ul><div class=\"w-pricing-item-footer\"><a class=\"w-btn us-btn-style_1\" style=\"font-size:15px\" title=\"Contact\" href=\"https:\/\/www.letris.ro\/web\/contact\/\"><span class=\"w-btn-label\">Programeaz\u0103 \u00eent\u0103lnire<\/span><\/a><\/div><\/div><\/div><\/div><\/div><\/div><div class=\"wpb_column vc_column_container\"><div class=\"vc_column-inner\"><div class=\"w-pricing style_cards items_1\"><div class=\"w-pricing-item type_featured\"><div class=\"w-pricing-item-h\"><div class=\"w-pricing-item-header\"><div class=\"w-pricing-item-title\">2.500-30.000 euro<\/div><div class=\"w-pricing-item-price\">Consultan\u021b\u0103<small>per proiect<\/small><\/div><\/div><ul class=\"w-pricing-item-features\"><li class=\"w-pricing-item-feature\">Analiz\u0103 de business \u0219i tehnic\u0103<\/li><li class=\"w-pricing-item-feature\">Evaluare securitate \u0219i performan\u021be<\/li><li class=\"w-pricing-item-feature\">Proiectare tehnic\u0103 \u0219i opera\u021bional\u0103<\/li><li class=\"w-pricing-item-feature\">Bugetare \/ Cost total de utilizare (TCO)<\/li><li class=\"w-pricing-item-feature\">Documentare \/ specifica\u021bii tehnice \u0219i func\u021bionale<\/li><\/ul><div class=\"w-pricing-item-footer\"><a class=\"w-btn us-btn-style_1\" style=\"font-size:15px\" title=\"Contact\" href=\"https:\/\/www.letris.ro\/web\/contact\/\"><span class=\"w-btn-label\">Programeaz\u0103 \u00eent\u0103lnire<\/span><\/a><\/div><\/div><\/div><\/div><\/div><\/div><div class=\"wpb_column vc_column_container\"><div class=\"vc_column-inner\"><div class=\"w-pricing style_cards items_1\"><div class=\"w-pricing-item type_featured\"><div class=\"w-pricing-item-h\"><div class=\"w-pricing-item-header\"><div class=\"w-pricing-item-title\">5.000-500.000 euro<\/div><div class=\"w-pricing-item-price\">Digitalizare<small>per proiect<\/small><\/div><\/div><ul class=\"w-pricing-item-features\"><li class=\"w-pricing-item-feature\">Consultan\u021b\u0103 tehnic\u0103<\/li><li class=\"w-pricing-item-feature\">Solu\u021bii digitalizare<\/li><li class=\"w-pricing-item-feature\">Servicii de implementare<\/li><li class=\"w-pricing-item-feature\">Servicii de migrare \u00eentreruperi minimale<\/li><li class=\"w-pricing-item-feature\">Documentare \/ proceduri de operare<\/li><\/ul><div class=\"w-pricing-item-footer\"><a class=\"w-btn us-btn-style_1\" style=\"font-size:15px\" title=\"Contact\" href=\"https:\/\/www.letris.ro\/web\/contact\/\"><span class=\"w-btn-label\">Programeaz\u0103 \u00eent\u0103lnire<\/span><\/a><\/div><\/div><\/div><\/div><\/div><\/div><\/div><\/div><\/section><section class=\"l-section wpb_row height_small color_secondary\"><div class=\"l-section-h i-cf\"><div class=\"g-cols vc_row via_grid cols_2 laptops-cols_inherit tablets-cols_inherit mobiles-cols_1 valign_top type_default stacking_default\"><div class=\"wpb_column vc_column_container\"><div class=\"vc_column-inner\"><div class=\"w-image align_none\"><div class=\"w-image-h\"><img decoding=\"async\" width=\"756\" height=\"666\" src=\"https:\/\/www.letris.ro\/web\/wp-content\/uploads\/2023\/01\/Letris-Alfa-Cons-Contact.jpg\" class=\"attachment-large size-large\" alt=\"\" loading=\"lazy\" srcset=\"https:\/\/www.letris.ro\/web\/wp-content\/uploads\/2023\/01\/Letris-Alfa-Cons-Contact.jpg 756w, https:\/\/www.letris.ro\/web\/wp-content\/uploads\/2023\/01\/Letris-Alfa-Cons-Contact-300x264.jpg 300w\" sizes=\"auto, (max-width: 756px) 100vw, 756px\" \/><\/div><\/div><\/div><\/div><div class=\"wpb_column vc_column_container\"><div class=\"vc_column-inner\"><div class=\"wpb_text_column\"><div class=\"wpb_wrapper\"><div class=\"wpb_text_column\">\n<div class=\"wpb_wrapper\">\n<h6>Discut\u0103 cu un consultat Letris:<\/h6>\n<\/div>\n<\/div>\n<\/div><\/div><div class=\"w-separator size_small\"><\/div>\n<div class=\"wpcf7 no-js\" id=\"wpcf7-f89-o1\" lang=\"en-US\" dir=\"ltr\" data-wpcf7-id=\"89\">\n<div class=\"screen-reader-response\"><p role=\"status\" aria-live=\"polite\" aria-atomic=\"true\"><\/p> <ul><\/ul><\/div>\n<form action=\"\/web\/wp-json\/wp\/v2\/pages\/30#wpcf7-f89-o1\" method=\"post\" class=\"wpcf7-form init\" aria-label=\"Contact form\" novalidate=\"novalidate\" data-status=\"init\">\n<fieldset class=\"hidden-fields-container\"><input type=\"hidden\" name=\"_wpcf7\" value=\"89\" \/><input type=\"hidden\" name=\"_wpcf7_version\" value=\"6.1.5\" \/><input type=\"hidden\" name=\"_wpcf7_locale\" value=\"en_US\" \/><input type=\"hidden\" name=\"_wpcf7_unit_tag\" value=\"wpcf7-f89-o1\" \/><input type=\"hidden\" name=\"_wpcf7_container_post\" value=\"0\" \/><input type=\"hidden\" name=\"_wpcf7_posted_data_hash\" value=\"\" \/><input type=\"hidden\" name=\"_wpcf7_recaptcha_response\" value=\"\" \/>\n<\/fieldset>\n<p><label> Numele \u0219i prenumele<br \/>\n<span class=\"wpcf7-form-control-wrap\" data-name=\"your-name\"><input size=\"40\" maxlength=\"400\" class=\"wpcf7-form-control wpcf7-text wpcf7-validates-as-required\" autocomplete=\"name\" aria-required=\"true\" aria-invalid=\"false\" value=\"\" type=\"text\" name=\"your-name\" \/><\/span> <\/label>\n<\/p>\n<p><label> E-mail<br \/>\n<span class=\"wpcf7-form-control-wrap\" data-name=\"your-email\"><input size=\"40\" maxlength=\"400\" class=\"wpcf7-form-control wpcf7-email wpcf7-validates-as-required wpcf7-text wpcf7-validates-as-email\" autocomplete=\"email\" aria-required=\"true\" aria-invalid=\"false\" value=\"\" type=\"email\" name=\"your-email\" \/><\/span> <\/label>\n<\/p>\n<p><label> Subiect<br \/>\n<span class=\"wpcf7-form-control-wrap\" data-name=\"your-subject\"><input size=\"40\" maxlength=\"400\" class=\"wpcf7-form-control wpcf7-text wpcf7-validates-as-required\" aria-required=\"true\" aria-invalid=\"false\" value=\"\" type=\"text\" name=\"your-subject\" \/><\/span> <\/label>\n<\/p>\n<p><label> Mesajul dvs. (optional)<br \/>\n<span class=\"wpcf7-form-control-wrap\" data-name=\"your-message\"><textarea cols=\"40\" rows=\"10\" maxlength=\"2000\" class=\"wpcf7-form-control wpcf7-textarea\" aria-invalid=\"false\" name=\"your-message\"><\/textarea><\/span> <\/label>\n<\/p>\n<p><input class=\"wpcf7-form-control wpcf7-submit has-spinner\" type=\"submit\" value=\"Trimite\" \/>\n<\/p><p style=\"display: none !important;\" class=\"akismet-fields-container\" data-prefix=\"_wpcf7_ak_\"><label>&#916;<textarea name=\"_wpcf7_ak_hp_textarea\" cols=\"45\" rows=\"8\" maxlength=\"100\"><\/textarea><\/label><input type=\"hidden\" id=\"ak_js_1\" name=\"_wpcf7_ak_js\" value=\"237\"\/><script>\ndocument.getElementById( \"ak_js_1\" ).setAttribute( \"value\", ( new Date() ).getTime() );\n<\/script>\n<\/p><div class=\"wpcf7-response-output\" aria-hidden=\"true\"><\/div>\n<\/form>\n<\/div>\n<\/div><\/div><\/div><\/div><\/section>\n","protected":false},"excerpt":{"rendered":"PRE\u021aURI Tipologii \u0219i dimensiuni proiecte digitalizare afacere 1.500-3.000 euroAsisten\u021b\u0103pe lun\u0103Serviciu recurentLa cerere \/ cazuri suportSLA (service level agreement) garantatReprezentare \u00een rela\u021bia cu ter\u021biRapoarte de activitateProgrameaz\u0103 \u00eent\u0103lnire2.500-30.000 euroConsultan\u021b\u0103per proiectAnaliz\u0103 de business \u0219i tehnic\u0103Evaluare securitate \u0219i performan\u021beProiectare tehnic\u0103 \u0219i opera\u021bional\u0103Bugetare \/ Cost total de utilizare (TCO)Documentare \/ specifica\u021bii tehnice \u0219i func\u021bionaleProgrameaz\u0103 \u00eent\u0103lnire5.000-500.000 euroDigitalizareper proiectConsultan\u021b\u0103 tehnic\u0103Solu\u021bii digitalizareServicii de...","protected":false},"author":1,"featured_media":118,"parent":0,"menu_order":0,"comment_status":"closed","ping_status":"closed","template":"","meta":{"footnotes":""},"class_list":["post-30","page","type-page","status-publish","has-post-thumbnail","hentry"],"yoast_head":"<!-- This site is optimized with the Yoast SEO plugin v27.5 - https:\/\/yoast.com\/product\/yoast-seo-wordpress\/ -->\n<title>Pachete si preturi: Asisten\u021b\u0103, Consultan\u021b\u0103, Digitalizare - Letris<\/title>\n<meta name=\"description\" content=\"PRE\u021aURI: Tipologii \u0219i dimensiuni proiecte digitalizare afacere: Asisten\u021b\u0103, Consultan\u021b\u0103, Digitalizare - Letris Alfa Consulting\" \/>\n<meta name=\"robots\" content=\"index, follow, max-snippet:-1, max-image-preview:large, max-video-preview:-1\" \/>\n<link rel=\"canonical\" href=\"https:\/\/www.letris.ro\/web\/pachete-si-preturi\/\" \/>\n<meta property=\"og:locale\" content=\"en_US\" \/>\n<meta property=\"og:type\" content=\"article\" \/>\n<meta property=\"og:title\" content=\"Pachete si preturi: Asisten\u021b\u0103, Consultan\u021b\u0103, Digitalizare - Letris\" \/>\n<meta property=\"og:description\" content=\"PRE\u021aURI: Tipologii \u0219i dimensiuni proiecte digitalizare afacere: Asisten\u021b\u0103, Consultan\u021b\u0103, Digitalizare - Letris Alfa Consulting\" \/>\n<meta property=\"og:url\" content=\"https:\/\/www.letris.ro\/web\/pachete-si-preturi\/\" \/>\n<meta property=\"og:site_name\" content=\"Letris Alfa Consulting\" \/>\n<meta property=\"article:modified_time\" content=\"2023-01-10T13:22:37+00:00\" \/>\n<meta property=\"og:image\" content=\"https:\/\/www.letris.ro\/web\/wp-content\/uploads\/2023\/01\/Letris-preturi-pechete-servicii.jpg\" \/>\n\t<meta property=\"og:image:width\" content=\"1000\" \/>\n\t<meta property=\"og:image:height\" content=\"666\" \/>\n\t<meta property=\"og:image:type\" content=\"image\/jpeg\" \/>\n<meta name=\"twitter:card\" content=\"summary_large_image\" \/>\n<meta name=\"twitter:label1\" content=\"Est. reading time\" \/>\n\t<meta name=\"twitter:data1\" content=\"1 minute\" \/>\n<script type=\"application\/ld+json\" class=\"yoast-schema-graph\">{\"@context\":\"https:\\\/\\\/schema.org\",\"@graph\":[{\"@type\":\"WebPage\",\"@id\":\"https:\\\/\\\/www.letris.ro\\\/web\\\/pachete-si-preturi\\\/\",\"url\":\"https:\\\/\\\/www.letris.ro\\\/web\\\/pachete-si-preturi\\\/\",\"name\":\"Pachete si preturi: Asisten\u021b\u0103, Consultan\u021b\u0103, Digitalizare - Letris\",\"isPartOf\":{\"@id\":\"https:\\\/\\\/www.letris.ro\\\/web\\\/#website\"},\"primaryImageOfPage\":{\"@id\":\"https:\\\/\\\/www.letris.ro\\\/web\\\/pachete-si-preturi\\\/#primaryimage\"},\"image\":{\"@id\":\"https:\\\/\\\/www.letris.ro\\\/web\\\/pachete-si-preturi\\\/#primaryimage\"},\"thumbnailUrl\":\"https:\\\/\\\/www.letris.ro\\\/web\\\/wp-content\\\/uploads\\\/2023\\\/01\\\/Letris-preturi-pechete-servicii.jpg\",\"datePublished\":\"2023-01-08T11:52:51+00:00\",\"dateModified\":\"2023-01-10T13:22:37+00:00\",\"description\":\"PRE\u021aURI: Tipologii \u0219i dimensiuni proiecte digitalizare afacere: Asisten\u021b\u0103, Consultan\u021b\u0103, Digitalizare - Letris Alfa Consulting\",\"breadcrumb\":{\"@id\":\"https:\\\/\\\/www.letris.ro\\\/web\\\/pachete-si-preturi\\\/#breadcrumb\"},\"inLanguage\":\"en-US\",\"potentialAction\":[{\"@type\":\"ReadAction\",\"target\":[\"https:\\\/\\\/www.letris.ro\\\/web\\\/pachete-si-preturi\\\/\"]}]},{\"@type\":\"ImageObject\",\"inLanguage\":\"en-US\",\"@id\":\"https:\\\/\\\/www.letris.ro\\\/web\\\/pachete-si-preturi\\\/#primaryimage\",\"url\":\"https:\\\/\\\/www.letris.ro\\\/web\\\/wp-content\\\/uploads\\\/2023\\\/01\\\/Letris-preturi-pechete-servicii.jpg\",\"contentUrl\":\"https:\\\/\\\/www.letris.ro\\\/web\\\/wp-content\\\/uploads\\\/2023\\\/01\\\/Letris-preturi-pechete-servicii.jpg\",\"width\":1000,\"height\":666,\"caption\":\"Businessman and businesswoman in formal wear working together to optimize business process by applying new technologies. Hi tech holograms over modern office background with panoramic windows\"},{\"@type\":\"BreadcrumbList\",\"@id\":\"https:\\\/\\\/www.letris.ro\\\/web\\\/pachete-si-preturi\\\/#breadcrumb\",\"itemListElement\":[{\"@type\":\"ListItem\",\"position\":1,\"name\":\"Home\",\"item\":\"https:\\\/\\\/www.letris.ro\\\/web\\\/\"},{\"@type\":\"ListItem\",\"position\":2,\"name\":\"Pachete si preturi\"}]},{\"@type\":\"WebSite\",\"@id\":\"https:\\\/\\\/www.letris.ro\\\/web\\\/#website\",\"url\":\"https:\\\/\\\/www.letris.ro\\\/web\\\/\",\"name\":\"Letris Alfa Consulting\",\"description\":\"\",\"potentialAction\":[{\"@type\":\"SearchAction\",\"target\":{\"@type\":\"EntryPoint\",\"urlTemplate\":\"https:\\\/\\\/www.letris.ro\\\/web\\\/?s={search_term_string}\"},\"query-input\":{\"@type\":\"PropertyValueSpecification\",\"valueRequired\":true,\"valueName\":\"search_term_string\"}}],\"inLanguage\":\"en-US\"}]}<\/script>\n<!-- \/ Yoast SEO plugin. -->","yoast_head_json":{"title":"Pachete si preturi: Asisten\u021b\u0103, Consultan\u021b\u0103, Digitalizare - Letris","description":"PRE\u021aURI: Tipologii \u0219i dimensiuni proiecte digitalizare afacere: Asisten\u021b\u0103, Consultan\u021b\u0103, Digitalizare - Letris Alfa Consulting","robots":{"index":"index","follow":"follow","max-snippet":"max-snippet:-1","max-image-preview":"max-image-preview:large","max-video-preview":"max-video-preview:-1"},"canonical":"https:\/\/www.letris.ro\/web\/pachete-si-preturi\/","og_locale":"en_US","og_type":"article","og_title":"Pachete si preturi: Asisten\u021b\u0103, Consultan\u021b\u0103, Digitalizare - Letris","og_description":"PRE\u021aURI: Tipologii \u0219i dimensiuni proiecte digitalizare afacere: Asisten\u021b\u0103, Consultan\u021b\u0103, Digitalizare - Letris Alfa Consulting","og_url":"https:\/\/www.letris.ro\/web\/pachete-si-preturi\/","og_site_name":"Letris Alfa Consulting","article_modified_time":"2023-01-10T13:22:37+00:00","og_image":[{"width":1000,"height":666,"url":"https:\/\/www.letris.ro\/web\/wp-content\/uploads\/2023\/01\/Letris-preturi-pechete-servicii.jpg","type":"image\/jpeg"}],"twitter_card":"summary_large_image","twitter_misc":{"Est. reading time":"1 minute"},"schema":{"@context":"https:\/\/schema.org","@graph":[{"@type":"WebPage","@id":"https:\/\/www.letris.ro\/web\/pachete-si-preturi\/","url":"https:\/\/www.letris.ro\/web\/pachete-si-preturi\/","name":"Pachete si preturi: Asisten\u021b\u0103, Consultan\u021b\u0103, Digitalizare - Letris","isPartOf":{"@id":"https:\/\/www.letris.ro\/web\/#website"},"primaryImageOfPage":{"@id":"https:\/\/www.letris.ro\/web\/pachete-si-preturi\/#primaryimage"},"image":{"@id":"https:\/\/www.letris.ro\/web\/pachete-si-preturi\/#primaryimage"},"thumbnailUrl":"https:\/\/www.letris.ro\/web\/wp-content\/uploads\/2023\/01\/Letris-preturi-pechete-servicii.jpg","datePublished":"2023-01-08T11:52:51+00:00","dateModified":"2023-01-10T13:22:37+00:00","description":"PRE\u021aURI: Tipologii \u0219i dimensiuni proiecte digitalizare afacere: Asisten\u021b\u0103, Consultan\u021b\u0103, Digitalizare - Letris Alfa Consulting","breadcrumb":{"@id":"https:\/\/www.letris.ro\/web\/pachete-si-preturi\/#breadcrumb"},"inLanguage":"en-US","potentialAction":[{"@type":"ReadAction","target":["https:\/\/www.letris.ro\/web\/pachete-si-preturi\/"]}]},{"@type":"ImageObject","inLanguage":"en-US","@id":"https:\/\/www.letris.ro\/web\/pachete-si-preturi\/#primaryimage","url":"https:\/\/www.letris.ro\/web\/wp-content\/uploads\/2023\/01\/Letris-preturi-pechete-servicii.jpg","contentUrl":"https:\/\/www.letris.ro\/web\/wp-content\/uploads\/2023\/01\/Letris-preturi-pechete-servicii.jpg","width":1000,"height":666,"caption":"Businessman and businesswoman in formal wear working together to optimize business process by applying new technologies. Hi tech holograms over modern office background with panoramic windows"},{"@type":"BreadcrumbList","@id":"https:\/\/www.letris.ro\/web\/pachete-si-preturi\/#breadcrumb","itemListElement":[{"@type":"ListItem","position":1,"name":"Home","item":"https:\/\/www.letris.ro\/web\/"},{"@type":"ListItem","position":2,"name":"Pachete si preturi"}]},{"@type":"WebSite","@id":"https:\/\/www.letris.ro\/web\/#website","url":"https:\/\/www.letris.ro\/web\/","name":"Letris Alfa Consulting","description":"","potentialAction":[{"@type":"SearchAction","target":{"@type":"EntryPoint","urlTemplate":"https:\/\/www.letris.ro\/web\/?s={search_term_string}"},"query-input":{"@type":"PropertyValueSpecification","valueRequired":true,"valueName":"search_term_string"}}],"inLanguage":"en-US"}]}},"_links":{"self":[{"href":"https:\/\/www.letris.ro\/web\/wp-json\/wp\/v2\/pages\/30","targetHints":{"allow":["GET"]}}],"collection":[{"href":"https:\/\/www.letris.ro\/web\/wp-json\/wp\/v2\/pages"}],"about":[{"href":"https:\/\/www.letris.ro\/web\/wp-json\/wp\/v2\/types\/page"}],"author":[{"embeddable":true,"href":"https:\/\/www.letris.ro\/web\/wp-json\/wp\/v2\/users\/1"}],"replies":[{"embeddable":true,"href":"https:\/\/www.letris.ro\/web\/wp-json\/wp\/v2\/comments?post=30"}],"version-history":[{"count":8,"href":"https:\/\/www.letris.ro\/web\/wp-json\/wp\/v2\/pages\/30\/revisions"}],"predecessor-version":[{"id":192,"href":"https:\/\/www.letris.ro\/web\/wp-json\/wp\/v2\/pages\/30\/revisions\/192"}],"wp:featuredmedia":[{"embeddable":true,"href":"https:\/\/www.letris.ro\/web\/wp-json\/wp\/v2\/media\/118"}],"wp:attachment":[{"href":"https:\/\/www.letris.ro\/web\/wp-json\/wp\/v2\/media?parent=30"}],"curies":[{"name":"wp","href":"https:\/\/api.w.org\/{rel}","templated":true}]}}