{"id":26,"date":"2023-01-08T11:51:17","date_gmt":"2023-01-08T11:51:17","guid":{"rendered":"https:\/\/www.letris.ro\/web\/?page_id=26"},"modified":"2023-01-10T13:22:04","modified_gmt":"2023-01-10T13:22:04","slug":"misiune-si-valori","status":"publish","type":"page","link":"https:\/\/www.letris.ro\/web\/misiune-si-valori\/","title":{"rendered":"Misiune si Valori"},"content":{"rendered":"<section class=\"l-section wpb_row height_medium\"><div class=\"l-section-h i-cf\"><div class=\"g-cols vc_row via_grid cols_2 laptops-cols_inherit tablets-cols_inherit mobiles-cols_1 valign_top type_default stacking_default\"><div class=\"wpb_column vc_column_container\"><div class=\"vc_column-inner\"><div class=\"wpb_text_column\"><div class=\"wpb_wrapper\"><h1>MISIUNE \u0218I VALORI<\/h1>\n<\/div><\/div><div class=\"w-separator size_small\"><\/div><div class=\"wpb_text_column\"><div class=\"wpb_wrapper\"><p>Misiunea Letris este crearea unui mediu de afaceri sigur pentru clien\u021bii s\u0103i, performant \u0219i eficient prin oferirea de solu\u021bii \u0219i servicii bazate pe expertiz\u0103 la toate palierele de interac\u021biune, de la cel mai profund nivel tehnic aspect p\u00e2n\u0103 la C-level.<\/p>\n<p>Avem viziunea de a deveni, \u00een cel mai scurt timp, de la prima interac\u021biune, un partener de \u00eencredere pe termen lung pentru acei beneficiari care apeleaz\u0103 la serviciile noastre.<\/p>\n<p>Valorile noastre reprezint\u0103 atuurile noastre: performan\u021b\u0103 profesional\u0103, experien\u021b\u0103 diversificat\u0103 \u0219i orientare spre nevoile clientului, valori dob\u00e2ndite \u0219i men\u021binute \u00een mod continuu de c\u0103tre membrii echipei \u0219i de c\u0103tre colaboratorii no\u0219tri \u00een cadrul proiectelor complexe istorice, at\u00e2t din mediul privat, c\u00e2t \u0219i cel public.<\/p>\n<\/div><\/div><\/div><\/div><div class=\"wpb_column vc_column_container\"><div class=\"vc_column-inner\"><div class=\"w-image align_none\"><div class=\"w-image-h\"><img decoding=\"async\" width=\"1000\" height=\"659\" src=\"https:\/\/www.letris.ro\/web\/wp-content\/uploads\/2023\/01\/Letris-misiune-valori.jpg\" class=\"attachment-large size-large\" alt=\"\" loading=\"lazy\" srcset=\"https:\/\/www.letris.ro\/web\/wp-content\/uploads\/2023\/01\/Letris-misiune-valori.jpg 1000w, https:\/\/www.letris.ro\/web\/wp-content\/uploads\/2023\/01\/Letris-misiune-valori-300x198.jpg 300w\" sizes=\"auto, (max-width: 1000px) 100vw, 1000px\" \/><\/div><\/div><\/div><\/div><\/div><\/div><\/section><section class=\"l-section wpb_row height_small color_secondary\"><div class=\"l-section-h i-cf\"><div class=\"g-cols vc_row via_grid cols_2 laptops-cols_inherit tablets-cols_inherit mobiles-cols_1 valign_top type_default stacking_default\"><div class=\"wpb_column vc_column_container\"><div class=\"vc_column-inner\"><div class=\"w-image align_none\"><div class=\"w-image-h\"><img decoding=\"async\" width=\"756\" height=\"666\" src=\"https:\/\/www.letris.ro\/web\/wp-content\/uploads\/2023\/01\/Letris-Alfa-Cons-Contact.jpg\" class=\"attachment-large size-large\" alt=\"\" loading=\"lazy\" srcset=\"https:\/\/www.letris.ro\/web\/wp-content\/uploads\/2023\/01\/Letris-Alfa-Cons-Contact.jpg 756w, https:\/\/www.letris.ro\/web\/wp-content\/uploads\/2023\/01\/Letris-Alfa-Cons-Contact-300x264.jpg 300w\" sizes=\"auto, (max-width: 756px) 100vw, 756px\" \/><\/div><\/div><\/div><\/div><div class=\"wpb_column vc_column_container\"><div class=\"vc_column-inner\"><div class=\"wpb_text_column\"><div class=\"wpb_wrapper\"><div class=\"wpb_text_column\">\n<div class=\"wpb_wrapper\">\n<h6>Discut\u0103 cu un consultat Letris:<\/h6>\n<\/div>\n<\/div>\n<\/div><\/div><div class=\"w-separator size_small\"><\/div>\n<div class=\"wpcf7 no-js\" id=\"wpcf7-f89-o1\" lang=\"en-US\" dir=\"ltr\" data-wpcf7-id=\"89\">\n<div class=\"screen-reader-response\"><p role=\"status\" aria-live=\"polite\" aria-atomic=\"true\"><\/p> <ul><\/ul><\/div>\n<form action=\"\/web\/wp-json\/wp\/v2\/pages\/26#wpcf7-f89-o1\" method=\"post\" class=\"wpcf7-form init\" aria-label=\"Contact form\" novalidate=\"novalidate\" data-status=\"init\">\n<fieldset class=\"hidden-fields-container\"><input type=\"hidden\" name=\"_wpcf7\" value=\"89\" \/><input type=\"hidden\" name=\"_wpcf7_version\" value=\"6.1.5\" \/><input type=\"hidden\" name=\"_wpcf7_locale\" value=\"en_US\" \/><input type=\"hidden\" name=\"_wpcf7_unit_tag\" value=\"wpcf7-f89-o1\" \/><input type=\"hidden\" name=\"_wpcf7_container_post\" value=\"0\" \/><input type=\"hidden\" name=\"_wpcf7_posted_data_hash\" value=\"\" \/><input type=\"hidden\" name=\"_wpcf7_recaptcha_response\" value=\"\" \/>\n<\/fieldset>\n<p><label> Numele \u0219i prenumele<br \/>\n<span class=\"wpcf7-form-control-wrap\" data-name=\"your-name\"><input size=\"40\" maxlength=\"400\" class=\"wpcf7-form-control wpcf7-text wpcf7-validates-as-required\" autocomplete=\"name\" aria-required=\"true\" aria-invalid=\"false\" value=\"\" type=\"text\" name=\"your-name\" \/><\/span> <\/label>\n<\/p>\n<p><label> E-mail<br \/>\n<span class=\"wpcf7-form-control-wrap\" data-name=\"your-email\"><input size=\"40\" maxlength=\"400\" class=\"wpcf7-form-control wpcf7-email wpcf7-validates-as-required wpcf7-text wpcf7-validates-as-email\" autocomplete=\"email\" aria-required=\"true\" aria-invalid=\"false\" value=\"\" type=\"email\" name=\"your-email\" \/><\/span> <\/label>\n<\/p>\n<p><label> Subiect<br \/>\n<span class=\"wpcf7-form-control-wrap\" data-name=\"your-subject\"><input size=\"40\" maxlength=\"400\" class=\"wpcf7-form-control wpcf7-text wpcf7-validates-as-required\" aria-required=\"true\" aria-invalid=\"false\" value=\"\" type=\"text\" name=\"your-subject\" \/><\/span> <\/label>\n<\/p>\n<p><label> Mesajul dvs. (optional)<br \/>\n<span class=\"wpcf7-form-control-wrap\" data-name=\"your-message\"><textarea cols=\"40\" rows=\"10\" maxlength=\"2000\" class=\"wpcf7-form-control wpcf7-textarea\" aria-invalid=\"false\" name=\"your-message\"><\/textarea><\/span> <\/label>\n<\/p>\n<p><input class=\"wpcf7-form-control wpcf7-submit has-spinner\" type=\"submit\" value=\"Trimite\" \/>\n<\/p><p style=\"display: none !important;\" class=\"akismet-fields-container\" data-prefix=\"_wpcf7_ak_\"><label>&#916;<textarea name=\"_wpcf7_ak_hp_textarea\" cols=\"45\" rows=\"8\" maxlength=\"100\"><\/textarea><\/label><input type=\"hidden\" id=\"ak_js_1\" name=\"_wpcf7_ak_js\" value=\"215\"\/><script>\ndocument.getElementById( \"ak_js_1\" ).setAttribute( \"value\", ( new Date() ).getTime() );\n<\/script>\n<\/p><div class=\"wpcf7-response-output\" aria-hidden=\"true\"><\/div>\n<\/form>\n<\/div>\n<\/div><\/div><\/div><\/div><\/section>\n","protected":false},"excerpt":{"rendered":"MISIUNE \u0218I VALORI Misiunea Letris este crearea unui mediu de afaceri sigur pentru clien\u021bii s\u0103i, performant \u0219i eficient prin oferirea de solu\u021bii \u0219i servicii bazate pe expertiz\u0103 la toate palierele de interac\u021biune, de la cel mai profund nivel tehnic aspect p\u00e2n\u0103 la C-level. Avem viziunea de a deveni, \u00een cel mai scurt timp, de la...","protected":false},"author":1,"featured_media":60,"parent":0,"menu_order":0,"comment_status":"closed","ping_status":"closed","template":"","meta":{"footnotes":""},"class_list":["post-26","page","type-page","status-publish","has-post-thumbnail","hentry"],"yoast_head":"<!-- This site is optimized with the Yoast SEO plugin v27.5 - https:\/\/yoast.com\/product\/yoast-seo-wordpress\/ -->\n<title>Misiune si Valori - Letris Alfa Consulting - Your trusted advisor<\/title>\n<meta name=\"description\" content=\"Misiunea Letris este crearea unui mediu de afaceri sigur pentru clien\u021bii s\u0103i, performant \u0219i eficient prin solu\u021bii \u0219i servicii...\" \/>\n<meta name=\"robots\" content=\"index, follow, max-snippet:-1, max-image-preview:large, max-video-preview:-1\" \/>\n<link rel=\"canonical\" href=\"https:\/\/www.letris.ro\/web\/misiune-si-valori\/\" \/>\n<meta property=\"og:locale\" content=\"en_US\" \/>\n<meta property=\"og:type\" content=\"article\" \/>\n<meta property=\"og:title\" content=\"Misiune si Valori - Letris Alfa Consulting - Your trusted advisor\" \/>\n<meta property=\"og:description\" content=\"Misiunea Letris este crearea unui mediu de afaceri sigur pentru clien\u021bii s\u0103i, performant \u0219i eficient prin solu\u021bii \u0219i servicii...\" \/>\n<meta property=\"og:url\" content=\"https:\/\/www.letris.ro\/web\/misiune-si-valori\/\" \/>\n<meta property=\"og:site_name\" content=\"Letris Alfa Consulting\" \/>\n<meta property=\"article:modified_time\" content=\"2023-01-10T13:22:04+00:00\" \/>\n<meta property=\"og:image\" content=\"https:\/\/www.letris.ro\/web\/wp-content\/uploads\/2023\/01\/Letris-certificati-CCIE.jpg\" \/>\n\t<meta property=\"og:image:width\" content=\"634\" \/>\n\t<meta property=\"og:image:height\" content=\"400\" \/>\n\t<meta property=\"og:image:type\" content=\"image\/jpeg\" \/>\n<meta name=\"twitter:card\" content=\"summary_large_image\" \/>\n<meta name=\"twitter:label1\" content=\"Est. reading time\" \/>\n\t<meta name=\"twitter:data1\" content=\"1 minute\" \/>\n<script type=\"application\/ld+json\" class=\"yoast-schema-graph\">{\"@context\":\"https:\\\/\\\/schema.org\",\"@graph\":[{\"@type\":\"WebPage\",\"@id\":\"https:\\\/\\\/www.letris.ro\\\/web\\\/misiune-si-valori\\\/\",\"url\":\"https:\\\/\\\/www.letris.ro\\\/web\\\/misiune-si-valori\\\/\",\"name\":\"Misiune si Valori - Letris Alfa Consulting - Your trusted advisor\",\"isPartOf\":{\"@id\":\"https:\\\/\\\/www.letris.ro\\\/web\\\/#website\"},\"primaryImageOfPage\":{\"@id\":\"https:\\\/\\\/www.letris.ro\\\/web\\\/misiune-si-valori\\\/#primaryimage\"},\"image\":{\"@id\":\"https:\\\/\\\/www.letris.ro\\\/web\\\/misiune-si-valori\\\/#primaryimage\"},\"thumbnailUrl\":\"https:\\\/\\\/www.letris.ro\\\/web\\\/wp-content\\\/uploads\\\/2023\\\/01\\\/Letris-certificati-CCIE.jpg\",\"datePublished\":\"2023-01-08T11:51:17+00:00\",\"dateModified\":\"2023-01-10T13:22:04+00:00\",\"description\":\"Misiunea Letris este crearea unui mediu de afaceri sigur pentru clien\u021bii s\u0103i, performant \u0219i eficient prin solu\u021bii \u0219i servicii...\",\"breadcrumb\":{\"@id\":\"https:\\\/\\\/www.letris.ro\\\/web\\\/misiune-si-valori\\\/#breadcrumb\"},\"inLanguage\":\"en-US\",\"potentialAction\":[{\"@type\":\"ReadAction\",\"target\":[\"https:\\\/\\\/www.letris.ro\\\/web\\\/misiune-si-valori\\\/\"]}]},{\"@type\":\"ImageObject\",\"inLanguage\":\"en-US\",\"@id\":\"https:\\\/\\\/www.letris.ro\\\/web\\\/misiune-si-valori\\\/#primaryimage\",\"url\":\"https:\\\/\\\/www.letris.ro\\\/web\\\/wp-content\\\/uploads\\\/2023\\\/01\\\/Letris-certificati-CCIE.jpg\",\"contentUrl\":\"https:\\\/\\\/www.letris.ro\\\/web\\\/wp-content\\\/uploads\\\/2023\\\/01\\\/Letris-certificati-CCIE.jpg\",\"width\":634,\"height\":400,\"caption\":\"Desktop computers on table, presentation new idea.Film effect.Horizontal\"},{\"@type\":\"BreadcrumbList\",\"@id\":\"https:\\\/\\\/www.letris.ro\\\/web\\\/misiune-si-valori\\\/#breadcrumb\",\"itemListElement\":[{\"@type\":\"ListItem\",\"position\":1,\"name\":\"Home\",\"item\":\"https:\\\/\\\/www.letris.ro\\\/web\\\/\"},{\"@type\":\"ListItem\",\"position\":2,\"name\":\"Misiune si Valori\"}]},{\"@type\":\"WebSite\",\"@id\":\"https:\\\/\\\/www.letris.ro\\\/web\\\/#website\",\"url\":\"https:\\\/\\\/www.letris.ro\\\/web\\\/\",\"name\":\"Letris Alfa Consulting\",\"description\":\"\",\"potentialAction\":[{\"@type\":\"SearchAction\",\"target\":{\"@type\":\"EntryPoint\",\"urlTemplate\":\"https:\\\/\\\/www.letris.ro\\\/web\\\/?s={search_term_string}\"},\"query-input\":{\"@type\":\"PropertyValueSpecification\",\"valueRequired\":true,\"valueName\":\"search_term_string\"}}],\"inLanguage\":\"en-US\"}]}<\/script>\n<!-- \/ Yoast SEO plugin. -->","yoast_head_json":{"title":"Misiune si Valori - Letris Alfa Consulting - Your trusted advisor","description":"Misiunea Letris este crearea unui mediu de afaceri sigur pentru clien\u021bii s\u0103i, performant \u0219i eficient prin solu\u021bii \u0219i servicii...","robots":{"index":"index","follow":"follow","max-snippet":"max-snippet:-1","max-image-preview":"max-image-preview:large","max-video-preview":"max-video-preview:-1"},"canonical":"https:\/\/www.letris.ro\/web\/misiune-si-valori\/","og_locale":"en_US","og_type":"article","og_title":"Misiune si Valori - Letris Alfa Consulting - Your trusted advisor","og_description":"Misiunea Letris este crearea unui mediu de afaceri sigur pentru clien\u021bii s\u0103i, performant \u0219i eficient prin solu\u021bii \u0219i servicii...","og_url":"https:\/\/www.letris.ro\/web\/misiune-si-valori\/","og_site_name":"Letris Alfa Consulting","article_modified_time":"2023-01-10T13:22:04+00:00","og_image":[{"width":634,"height":400,"url":"https:\/\/www.letris.ro\/web\/wp-content\/uploads\/2023\/01\/Letris-certificati-CCIE.jpg","type":"image\/jpeg"}],"twitter_card":"summary_large_image","twitter_misc":{"Est. reading time":"1 minute"},"schema":{"@context":"https:\/\/schema.org","@graph":[{"@type":"WebPage","@id":"https:\/\/www.letris.ro\/web\/misiune-si-valori\/","url":"https:\/\/www.letris.ro\/web\/misiune-si-valori\/","name":"Misiune si Valori - Letris Alfa Consulting - Your trusted advisor","isPartOf":{"@id":"https:\/\/www.letris.ro\/web\/#website"},"primaryImageOfPage":{"@id":"https:\/\/www.letris.ro\/web\/misiune-si-valori\/#primaryimage"},"image":{"@id":"https:\/\/www.letris.ro\/web\/misiune-si-valori\/#primaryimage"},"thumbnailUrl":"https:\/\/www.letris.ro\/web\/wp-content\/uploads\/2023\/01\/Letris-certificati-CCIE.jpg","datePublished":"2023-01-08T11:51:17+00:00","dateModified":"2023-01-10T13:22:04+00:00","description":"Misiunea Letris este crearea unui mediu de afaceri sigur pentru clien\u021bii s\u0103i, performant \u0219i eficient prin solu\u021bii \u0219i servicii...","breadcrumb":{"@id":"https:\/\/www.letris.ro\/web\/misiune-si-valori\/#breadcrumb"},"inLanguage":"en-US","potentialAction":[{"@type":"ReadAction","target":["https:\/\/www.letris.ro\/web\/misiune-si-valori\/"]}]},{"@type":"ImageObject","inLanguage":"en-US","@id":"https:\/\/www.letris.ro\/web\/misiune-si-valori\/#primaryimage","url":"https:\/\/www.letris.ro\/web\/wp-content\/uploads\/2023\/01\/Letris-certificati-CCIE.jpg","contentUrl":"https:\/\/www.letris.ro\/web\/wp-content\/uploads\/2023\/01\/Letris-certificati-CCIE.jpg","width":634,"height":400,"caption":"Desktop computers on table, presentation new idea.Film effect.Horizontal"},{"@type":"BreadcrumbList","@id":"https:\/\/www.letris.ro\/web\/misiune-si-valori\/#breadcrumb","itemListElement":[{"@type":"ListItem","position":1,"name":"Home","item":"https:\/\/www.letris.ro\/web\/"},{"@type":"ListItem","position":2,"name":"Misiune si Valori"}]},{"@type":"WebSite","@id":"https:\/\/www.letris.ro\/web\/#website","url":"https:\/\/www.letris.ro\/web\/","name":"Letris Alfa Consulting","description":"","potentialAction":[{"@type":"SearchAction","target":{"@type":"EntryPoint","urlTemplate":"https:\/\/www.letris.ro\/web\/?s={search_term_string}"},"query-input":{"@type":"PropertyValueSpecification","valueRequired":true,"valueName":"search_term_string"}}],"inLanguage":"en-US"}]}},"_links":{"self":[{"href":"https:\/\/www.letris.ro\/web\/wp-json\/wp\/v2\/pages\/26","targetHints":{"allow":["GET"]}}],"collection":[{"href":"https:\/\/www.letris.ro\/web\/wp-json\/wp\/v2\/pages"}],"about":[{"href":"https:\/\/www.letris.ro\/web\/wp-json\/wp\/v2\/types\/page"}],"author":[{"embeddable":true,"href":"https:\/\/www.letris.ro\/web\/wp-json\/wp\/v2\/users\/1"}],"replies":[{"embeddable":true,"href":"https:\/\/www.letris.ro\/web\/wp-json\/wp\/v2\/comments?post=26"}],"version-history":[{"count":5,"href":"https:\/\/www.letris.ro\/web\/wp-json\/wp\/v2\/pages\/26\/revisions"}],"predecessor-version":[{"id":191,"href":"https:\/\/www.letris.ro\/web\/wp-json\/wp\/v2\/pages\/26\/revisions\/191"}],"wp:featuredmedia":[{"embeddable":true,"href":"https:\/\/www.letris.ro\/web\/wp-json\/wp\/v2\/media\/60"}],"wp:attachment":[{"href":"https:\/\/www.letris.ro\/web\/wp-json\/wp\/v2\/media?parent=26"}],"curies":[{"name":"wp","href":"https:\/\/api.w.org\/{rel}","templated":true}]}}