{"id":24,"date":"2023-01-08T11:49:26","date_gmt":"2023-01-08T11:49:26","guid":{"rendered":"https:\/\/www.letris.ro\/web\/?page_id=24"},"modified":"2023-01-10T13:23:47","modified_gmt":"2023-01-10T13:23:47","slug":"produse-si-servicii","status":"publish","type":"page","link":"https:\/\/www.letris.ro\/web\/produse-si-servicii\/","title":{"rendered":"Produse si servicii"},"content":{"rendered":"<section class=\"l-section wpb_row height_small\"><div class=\"l-section-h i-cf\"><div class=\"g-cols vc_row via_grid cols_2 laptops-cols_inherit tablets-cols_inherit mobiles-cols_1 valign_top type_default stacking_default\"><div class=\"wpb_column vc_column_container\"><div class=\"vc_column-inner\"><div class=\"wpb_text_column\"><div class=\"wpb_wrapper\"><h1>PRODUSE \u0218I SERVICII<\/h1>\n<\/div><\/div><div class=\"w-separator size_small\"><\/div><div class=\"wpb_text_column\"><div class=\"wpb_wrapper\"><p>Tehnologia \u0219i inova\u021bia aduc valoare \u0219i avantaj competitiv, ofer\u0103 agilitate \u0219i ajut\u0103 organiza\u021biile s\u0103 prospere. Livram solu\u021bii de digitalizare bazate pe arhitecturi de virtualizare \u0219i microservicii, arhitecturi complexe de re\u021bea, securitate IT \u0219i disaster recovery. \u00cen cadrul furniz\u0103rii de servicii de consultan\u021b\u0103 utilizam ca referin\u021b\u0103 tehnologii \u0219i proceduri de bune practici specifice unor companii de renume care dau trendul pie\u021bei de IT, cum ar fi Cisco Systems, Microsoft, VMware, Veeam, etc. O alt\u0103 direc\u021bie strategic\u0103 inclus\u0103 \u00een activitatea companiei o reprezint\u0103 furnizarea de solu\u021bii complexe pentru automatizare, securizarea \u0219i protec\u021biei a afacerii incluz\u00e2nd SIEM \/ logging, DLP (Data Loss Prevention), load balancing \/ load distribution, docker virtualization, ITSM (IT Service Management).<\/p>\n<\/div><\/div><\/div><\/div><div class=\"wpb_column vc_column_container\"><div class=\"vc_column-inner\"><div class=\"w-image align_none\"><div class=\"w-image-h\"><img decoding=\"async\" width=\"1000\" height=\"653\" src=\"https:\/\/www.letris.ro\/web\/wp-content\/uploads\/2023\/01\/Letris-produse-si-servicii.jpg\" class=\"attachment-large size-large\" alt=\"\" loading=\"lazy\" srcset=\"https:\/\/www.letris.ro\/web\/wp-content\/uploads\/2023\/01\/Letris-produse-si-servicii.jpg 1000w, https:\/\/www.letris.ro\/web\/wp-content\/uploads\/2023\/01\/Letris-produse-si-servicii-300x196.jpg 300w\" sizes=\"auto, (max-width: 1000px) 100vw, 1000px\" \/><\/div><\/div><\/div><\/div><\/div><\/div><\/section><section class=\"l-section wpb_row height_small color_alternate\"><div class=\"l-section-h i-cf\"><div class=\"g-cols vc_row via_grid cols_2 laptops-cols_inherit tablets-cols_inherit mobiles-cols_1 valign_top type_default stacking_default\"><div class=\"wpb_column vc_column_container\"><div class=\"vc_column-inner\"><div class=\"wpb_text_column\"><div class=\"wpb_wrapper\"><h2>SUPORT TEHNIC<\/h2>\n<p><strong>Suport tehnic IT&amp;C pentru diagnosticare \u0219i restabilire (bazat pe SLA).<\/strong><\/p>\n<p>Serviciile noastre reduc riscurile de conformitate pentru clien\u021bii no\u0219tri \u0219i au un efect tangibil asupra costului total al patrimoniului lor IT. Analizam situa\u021bia curent\u0103 a sistemelor \u00een paralel cu noile obiective pentru a v\u0103 putea oferi cea mai buna solu\u021bie viitoare. Asigur\u0103m suport tehnic competent pentru identificarea problemelor \u0219i reabilitarea sistemelor.<\/p>\n<\/div><\/div><\/div><\/div><div class=\"wpb_column vc_column_container\"><div class=\"vc_column-inner\"><div class=\"wpb_text_column\"><div class=\"wpb_wrapper\"><h2>ASISTEN\u021a\u0102 TEHNIC\u0102<\/h2>\n<p><strong>Asisten\u021b\u0103 tehnic\u0103 pentru optimizare \u0219i dezvoltare.<\/strong><\/p>\n<p>Pornim de nevoile Dvs pentru a g\u0103si o solu\u021bie de arhitectur\u0103 care s\u0103 fie capabil\u0103 s\u0103 integreze noi tehnologii \u00een infrastructura dvs IT. Identific\u0103m zonele de optimizare \u0219i tehnologiile necesare pentru ca noul serviciu s\u0103 v\u0103 conduc\u0103 la rezultatele dorite.<\/p>\n<\/div><\/div><\/div><\/div><\/div><\/div><\/section><section class=\"l-section wpb_row height_small color_primary\"><div class=\"l-section-h i-cf\"><div class=\"g-cols vc_row via_grid cols_1 laptops-cols_inherit tablets-cols_inherit mobiles-cols_1 valign_top type_default stacking_default\"><div class=\"wpb_column vc_column_container\"><div class=\"vc_column-inner\"><div class=\"wpb_text_column\"><div class=\"wpb_wrapper\"><h2>CONSULTAN\u021a\u0102<\/h2>\n<p><strong>Evaluare performan\u021bei \u0219i securit\u0103\u021bii sistemelor IT&amp;C.<\/strong><\/p>\n<p>Audit\u0103m conformitatea sistemelor informatice raportandu-le la anumite standarde, normative, reguli, metodologii sau obiectivele organiza\u021biei.<\/p>\n<\/div><\/div><\/div><\/div><\/div><\/div><\/section><section class=\"l-section wpb_row height_small color_alternate\"><div class=\"l-section-h i-cf\"><div class=\"g-cols vc_row via_grid cols_2 laptops-cols_inherit tablets-cols_inherit mobiles-cols_1 valign_top type_default stacking_default\"><div class=\"wpb_column vc_column_container\"><div class=\"vc_column-inner\"><div class=\"wpb_text_column\"><div class=\"wpb_wrapper\"><h2>ARHITECTURI DE CONECTIVITATE \u0218I SECURITATE IT<\/h2>\n<p>Solu\u021bii complexe de re\u021bea, securitate IT \u0219i disaster recovery bazate pe cele mai bune tehnologii: Cisco Systems, HPE, DELL EMC, Fortinet, Veeam, Keycloack, ManageEngine DLP, Elasticsearch SIEM.<\/p>\n<p>Combinarea mai multor tehnologii \u00eentr -un singur bloc, ca un monolit, \u00een vederea ob\u021binerea unui mediu de business mobil, conectat, 100% disponibil \u0219i protejat, reprezint\u0103 unul din obiectivele noastre principale \u00een ceea ce prive\u0219te abordarea noastr\u0103 \u00een furnizare proiectelor complexe de digitalizare pentru clien\u021bii no\u0219tri. Toate aceste sunt dublate de obiectivele secundare \u00een alegerea unor solu\u021bii optime, adaptate situa\u021biilor existente, dar \u0219i celor dorite \/ vizate de beneficiari cu impact \u00een protejarea investi\u021biilor f\u0103cute \u0219i minimizarea celor noi f\u0103r\u0103 a face compromisuri de calitate \u0219i performan\u021b\u0103.<\/p>\n<\/div><\/div><\/div><\/div><div class=\"wpb_column vc_column_container\"><div class=\"vc_column-inner\"><div class=\"wpb_text_column\"><div class=\"wpb_wrapper\"><h2>ARHITECTURI DE APLICA\u021aII<\/h2>\n<p>Solu\u021bii de digitalizare bazate pe arhitecturi de virtualizare \u0219i microservicii bazate pe tehnologii: VMware, oVirt, Softwre-Defined Storage, Docker Swarm, NGINX.<\/p>\n<p>Docker este o tehnologie de containerizare software \u00een care aplica\u021biile \u0219i dependen\u021bele lor (executabile, libr\u0103rii, coduri \u0219i fi\u0219iere de configurare), pot func\u021biona, f\u0103r\u0103 a mai fi nevoie de un hypervisor \u2013 ca \u00een cazul virtualiz\u0103rii \u2013 \u0219i nici de sisteme proprii de operare (pentru c\u0103 folosesc sistemul mediului pe care ruleaz\u0103). Arhitectura de microservicii reprezint\u0103 o abordare modulara care permite fragmentarea unei solu\u021bii \u00een mai multe componente (servicii) de sine st\u0103t\u0103toare \u2013 elemente care func\u021bioneaz\u0103 performant, at\u00e2t \u00eempreun\u0103, c\u00e2t \u0219i separat.<br \/>\nFiecare serviciu este dezvoltat separat, solu\u021bia final\u0103 fiind, practic, o sum\u0103 a microserviciilor alocate. Pentru ca solu\u021bia sa ofere un mediu logic \u0219i f\u0103r\u0103 blocaje, aceste servicii independente sunt g\u0103zduite \u0219i integrate pe sisteme tip docker \u00een care obiectivele de mobilitate, conectivitate, disponibilitate \u0219i securitate sunt men\u021binute la un nivel cel pu\u021bin egal cu arhitecturile clasice de virtualizare.<\/p>\n<\/div><\/div><\/div><\/div><\/div><\/div><\/section><section class=\"l-section wpb_row height_small color_alternate\"><div class=\"l-section-h i-cf\"><div class=\"g-cols vc_row via_grid cols_1 laptops-cols_inherit tablets-cols_inherit mobiles-cols_1 valign_top type_default stacking_default\"><div class=\"wpb_column vc_column_container\"><div class=\"vc_column-inner\"><div class=\"wpb_text_column\"><div class=\"wpb_wrapper\"><h2>ITSM (IT SERVICE MANAGEMENT)<\/h2>\n<p>Livr\u0103m proiecte \u0219i servicii de management al activelor IT&amp;C de orice grad de complexitate: Solu\u021bii de management, monitorizare, alertare \u0219i inventariere IT&amp;C bazate pe tehnologii: Cisco Systems, ManageEngine, Elasticsearch, Zabbix.<\/p>\n<p>Obiectivele noastre \u00een ceea ce prive\u0219te managementul infrastructurii IT &amp; C vizate de platformele software din portofoliu de produse specifice ITSM sunt materializate \u00een dorin\u021ba de a v\u0103 oferi vizibilitate \u0219i control complet asupra activelor dumneavoastr\u0103. Produsele oferite, combinate \u00een arhitecturi perfecte bine integrate, v\u0103 pot ajuta s\u0103 urm\u0103ri\u021bi \u0219i s\u0103 gestiona\u021bi mai eficient activele de-a lungul ciclului lor de via\u021b\u0103, cu fluxuri de lucru IT care func\u021bioneaz\u0103 dup\u0103 principii \u0219i bune practici.<\/p>\n<\/div><\/div><\/div><\/div><\/div><\/div><\/section><section class=\"l-section wpb_row height_small color_secondary\"><div class=\"l-section-h i-cf\"><div class=\"g-cols vc_row via_grid cols_2 laptops-cols_inherit tablets-cols_inherit mobiles-cols_1 valign_top type_default stacking_default\"><div class=\"wpb_column vc_column_container\"><div class=\"vc_column-inner\"><div class=\"w-image align_none\"><div class=\"w-image-h\"><img decoding=\"async\" width=\"756\" height=\"666\" src=\"https:\/\/www.letris.ro\/web\/wp-content\/uploads\/2023\/01\/Letris-Alfa-Cons-Contact.jpg\" class=\"attachment-large size-large\" alt=\"\" loading=\"lazy\" srcset=\"https:\/\/www.letris.ro\/web\/wp-content\/uploads\/2023\/01\/Letris-Alfa-Cons-Contact.jpg 756w, https:\/\/www.letris.ro\/web\/wp-content\/uploads\/2023\/01\/Letris-Alfa-Cons-Contact-300x264.jpg 300w\" sizes=\"auto, (max-width: 756px) 100vw, 756px\" \/><\/div><\/div><\/div><\/div><div class=\"wpb_column vc_column_container\"><div class=\"vc_column-inner\"><div class=\"wpb_text_column\"><div class=\"wpb_wrapper\"><div class=\"wpb_text_column\">\n<div class=\"wpb_wrapper\">\n<h6>Discut\u0103 cu un consultat Letris:<\/h6>\n<\/div>\n<\/div>\n<\/div><\/div><div class=\"w-separator size_small\"><\/div>\n<div class=\"wpcf7 no-js\" id=\"wpcf7-f89-o1\" lang=\"en-US\" dir=\"ltr\" data-wpcf7-id=\"89\">\n<div class=\"screen-reader-response\"><p role=\"status\" aria-live=\"polite\" aria-atomic=\"true\"><\/p> <ul><\/ul><\/div>\n<form action=\"\/web\/wp-json\/wp\/v2\/pages\/24#wpcf7-f89-o1\" method=\"post\" class=\"wpcf7-form init\" aria-label=\"Contact form\" novalidate=\"novalidate\" data-status=\"init\">\n<fieldset class=\"hidden-fields-container\"><input type=\"hidden\" name=\"_wpcf7\" value=\"89\" \/><input type=\"hidden\" name=\"_wpcf7_version\" value=\"6.1.5\" \/><input type=\"hidden\" name=\"_wpcf7_locale\" value=\"en_US\" \/><input type=\"hidden\" name=\"_wpcf7_unit_tag\" value=\"wpcf7-f89-o1\" \/><input type=\"hidden\" name=\"_wpcf7_container_post\" value=\"0\" \/><input type=\"hidden\" name=\"_wpcf7_posted_data_hash\" value=\"\" \/><input type=\"hidden\" name=\"_wpcf7_recaptcha_response\" value=\"\" \/>\n<\/fieldset>\n<p><label> Numele \u0219i prenumele<br \/>\n<span class=\"wpcf7-form-control-wrap\" data-name=\"your-name\"><input size=\"40\" maxlength=\"400\" class=\"wpcf7-form-control wpcf7-text wpcf7-validates-as-required\" autocomplete=\"name\" aria-required=\"true\" aria-invalid=\"false\" value=\"\" type=\"text\" name=\"your-name\" \/><\/span> <\/label>\n<\/p>\n<p><label> E-mail<br \/>\n<span class=\"wpcf7-form-control-wrap\" data-name=\"your-email\"><input size=\"40\" maxlength=\"400\" class=\"wpcf7-form-control wpcf7-email wpcf7-validates-as-required wpcf7-text wpcf7-validates-as-email\" autocomplete=\"email\" aria-required=\"true\" aria-invalid=\"false\" value=\"\" type=\"email\" name=\"your-email\" \/><\/span> <\/label>\n<\/p>\n<p><label> Subiect<br \/>\n<span class=\"wpcf7-form-control-wrap\" data-name=\"your-subject\"><input size=\"40\" maxlength=\"400\" class=\"wpcf7-form-control wpcf7-text wpcf7-validates-as-required\" aria-required=\"true\" aria-invalid=\"false\" value=\"\" type=\"text\" name=\"your-subject\" \/><\/span> <\/label>\n<\/p>\n<p><label> Mesajul dvs. (optional)<br \/>\n<span class=\"wpcf7-form-control-wrap\" data-name=\"your-message\"><textarea cols=\"40\" rows=\"10\" maxlength=\"2000\" class=\"wpcf7-form-control wpcf7-textarea\" aria-invalid=\"false\" name=\"your-message\"><\/textarea><\/span> <\/label>\n<\/p>\n<p><input class=\"wpcf7-form-control wpcf7-submit has-spinner\" type=\"submit\" value=\"Trimite\" \/>\n<\/p><p style=\"display: none !important;\" class=\"akismet-fields-container\" data-prefix=\"_wpcf7_ak_\"><label>&#916;<textarea name=\"_wpcf7_ak_hp_textarea\" cols=\"45\" rows=\"8\" maxlength=\"100\"><\/textarea><\/label><input type=\"hidden\" id=\"ak_js_1\" name=\"_wpcf7_ak_js\" value=\"132\"\/><script>\ndocument.getElementById( \"ak_js_1\" ).setAttribute( \"value\", ( new Date() ).getTime() );\n<\/script>\n<\/p><div class=\"wpcf7-response-output\" aria-hidden=\"true\"><\/div>\n<\/form>\n<\/div>\n<\/div><\/div><\/div><\/div><\/section>\n","protected":false},"excerpt":{"rendered":"PRODUSE \u0218I SERVICII Tehnologia \u0219i inova\u021bia aduc valoare \u0219i avantaj competitiv, ofer\u0103 agilitate \u0219i ajut\u0103 organiza\u021biile s\u0103 prospere. Livram solu\u021bii de digitalizare bazate pe arhitecturi de virtualizare \u0219i microservicii, arhitecturi complexe de re\u021bea, securitate IT \u0219i disaster recovery. \u00cen cadrul furniz\u0103rii de servicii de consultan\u021b\u0103 utilizam ca referin\u021b\u0103 tehnologii \u0219i proceduri de bune practici specifice...","protected":false},"author":1,"featured_media":0,"parent":0,"menu_order":2,"comment_status":"closed","ping_status":"closed","template":"","meta":{"footnotes":""},"class_list":["post-24","page","type-page","status-publish","hentry"],"yoast_head":"<!-- This site is optimized with the Yoast SEO plugin v27.5 - https:\/\/yoast.com\/product\/yoast-seo-wordpress\/ -->\n<title>Produse si servicii - Suport, Asistenta, Consultanta, Arhitecturi IT<\/title>\n<meta name=\"description\" content=\"Solu\u021bii de digitalizare: arhitecturi de virtualizare \u0219i microservicii, arhitecturi complexe de re\u021bea, securitate IT \u0219i disaster recovery\" \/>\n<meta name=\"robots\" content=\"index, follow, max-snippet:-1, max-image-preview:large, max-video-preview:-1\" \/>\n<link rel=\"canonical\" href=\"https:\/\/www.letris.ro\/web\/produse-si-servicii\/\" \/>\n<meta property=\"og:locale\" content=\"en_US\" \/>\n<meta property=\"og:type\" content=\"article\" \/>\n<meta property=\"og:title\" content=\"Produse si servicii - Suport, Asistenta, Consultanta, Arhitecturi IT\" \/>\n<meta property=\"og:description\" content=\"Solu\u021bii de digitalizare: arhitecturi de virtualizare \u0219i microservicii, arhitecturi complexe de re\u021bea, securitate IT \u0219i disaster recovery\" \/>\n<meta property=\"og:url\" content=\"https:\/\/www.letris.ro\/web\/produse-si-servicii\/\" \/>\n<meta property=\"og:site_name\" content=\"Letris Alfa Consulting\" \/>\n<meta property=\"article:modified_time\" content=\"2023-01-10T13:23:47+00:00\" \/>\n<meta name=\"twitter:card\" content=\"summary_large_image\" \/>\n<meta name=\"twitter:label1\" content=\"Est. reading time\" \/>\n\t<meta name=\"twitter:data1\" content=\"3 minutes\" \/>\n<script type=\"application\/ld+json\" class=\"yoast-schema-graph\">{\"@context\":\"https:\\\/\\\/schema.org\",\"@graph\":[{\"@type\":\"WebPage\",\"@id\":\"https:\\\/\\\/www.letris.ro\\\/web\\\/produse-si-servicii\\\/\",\"url\":\"https:\\\/\\\/www.letris.ro\\\/web\\\/produse-si-servicii\\\/\",\"name\":\"Produse si servicii - Suport, Asistenta, Consultanta, Arhitecturi IT\",\"isPartOf\":{\"@id\":\"https:\\\/\\\/www.letris.ro\\\/web\\\/#website\"},\"datePublished\":\"2023-01-08T11:49:26+00:00\",\"dateModified\":\"2023-01-10T13:23:47+00:00\",\"description\":\"Solu\u021bii de digitalizare: arhitecturi de virtualizare \u0219i microservicii, arhitecturi complexe de re\u021bea, securitate IT \u0219i disaster recovery\",\"breadcrumb\":{\"@id\":\"https:\\\/\\\/www.letris.ro\\\/web\\\/produse-si-servicii\\\/#breadcrumb\"},\"inLanguage\":\"en-US\",\"potentialAction\":[{\"@type\":\"ReadAction\",\"target\":[\"https:\\\/\\\/www.letris.ro\\\/web\\\/produse-si-servicii\\\/\"]}]},{\"@type\":\"BreadcrumbList\",\"@id\":\"https:\\\/\\\/www.letris.ro\\\/web\\\/produse-si-servicii\\\/#breadcrumb\",\"itemListElement\":[{\"@type\":\"ListItem\",\"position\":1,\"name\":\"Home\",\"item\":\"https:\\\/\\\/www.letris.ro\\\/web\\\/\"},{\"@type\":\"ListItem\",\"position\":2,\"name\":\"Produse si servicii\"}]},{\"@type\":\"WebSite\",\"@id\":\"https:\\\/\\\/www.letris.ro\\\/web\\\/#website\",\"url\":\"https:\\\/\\\/www.letris.ro\\\/web\\\/\",\"name\":\"Letris Alfa Consulting\",\"description\":\"\",\"potentialAction\":[{\"@type\":\"SearchAction\",\"target\":{\"@type\":\"EntryPoint\",\"urlTemplate\":\"https:\\\/\\\/www.letris.ro\\\/web\\\/?s={search_term_string}\"},\"query-input\":{\"@type\":\"PropertyValueSpecification\",\"valueRequired\":true,\"valueName\":\"search_term_string\"}}],\"inLanguage\":\"en-US\"}]}<\/script>\n<!-- \/ Yoast SEO plugin. -->","yoast_head_json":{"title":"Produse si servicii - Suport, Asistenta, Consultanta, Arhitecturi IT","description":"Solu\u021bii de digitalizare: arhitecturi de virtualizare \u0219i microservicii, arhitecturi complexe de re\u021bea, securitate IT \u0219i disaster recovery","robots":{"index":"index","follow":"follow","max-snippet":"max-snippet:-1","max-image-preview":"max-image-preview:large","max-video-preview":"max-video-preview:-1"},"canonical":"https:\/\/www.letris.ro\/web\/produse-si-servicii\/","og_locale":"en_US","og_type":"article","og_title":"Produse si servicii - Suport, Asistenta, Consultanta, Arhitecturi IT","og_description":"Solu\u021bii de digitalizare: arhitecturi de virtualizare \u0219i microservicii, arhitecturi complexe de re\u021bea, securitate IT \u0219i disaster recovery","og_url":"https:\/\/www.letris.ro\/web\/produse-si-servicii\/","og_site_name":"Letris Alfa Consulting","article_modified_time":"2023-01-10T13:23:47+00:00","twitter_card":"summary_large_image","twitter_misc":{"Est. reading time":"3 minutes"},"schema":{"@context":"https:\/\/schema.org","@graph":[{"@type":"WebPage","@id":"https:\/\/www.letris.ro\/web\/produse-si-servicii\/","url":"https:\/\/www.letris.ro\/web\/produse-si-servicii\/","name":"Produse si servicii - Suport, Asistenta, Consultanta, Arhitecturi IT","isPartOf":{"@id":"https:\/\/www.letris.ro\/web\/#website"},"datePublished":"2023-01-08T11:49:26+00:00","dateModified":"2023-01-10T13:23:47+00:00","description":"Solu\u021bii de digitalizare: arhitecturi de virtualizare \u0219i microservicii, arhitecturi complexe de re\u021bea, securitate IT \u0219i disaster recovery","breadcrumb":{"@id":"https:\/\/www.letris.ro\/web\/produse-si-servicii\/#breadcrumb"},"inLanguage":"en-US","potentialAction":[{"@type":"ReadAction","target":["https:\/\/www.letris.ro\/web\/produse-si-servicii\/"]}]},{"@type":"BreadcrumbList","@id":"https:\/\/www.letris.ro\/web\/produse-si-servicii\/#breadcrumb","itemListElement":[{"@type":"ListItem","position":1,"name":"Home","item":"https:\/\/www.letris.ro\/web\/"},{"@type":"ListItem","position":2,"name":"Produse si servicii"}]},{"@type":"WebSite","@id":"https:\/\/www.letris.ro\/web\/#website","url":"https:\/\/www.letris.ro\/web\/","name":"Letris Alfa Consulting","description":"","potentialAction":[{"@type":"SearchAction","target":{"@type":"EntryPoint","urlTemplate":"https:\/\/www.letris.ro\/web\/?s={search_term_string}"},"query-input":{"@type":"PropertyValueSpecification","valueRequired":true,"valueName":"search_term_string"}}],"inLanguage":"en-US"}]}},"_links":{"self":[{"href":"https:\/\/www.letris.ro\/web\/wp-json\/wp\/v2\/pages\/24","targetHints":{"allow":["GET"]}}],"collection":[{"href":"https:\/\/www.letris.ro\/web\/wp-json\/wp\/v2\/pages"}],"about":[{"href":"https:\/\/www.letris.ro\/web\/wp-json\/wp\/v2\/types\/page"}],"author":[{"embeddable":true,"href":"https:\/\/www.letris.ro\/web\/wp-json\/wp\/v2\/users\/1"}],"replies":[{"embeddable":true,"href":"https:\/\/www.letris.ro\/web\/wp-json\/wp\/v2\/comments?post=24"}],"version-history":[{"count":4,"href":"https:\/\/www.letris.ro\/web\/wp-json\/wp\/v2\/pages\/24\/revisions"}],"predecessor-version":[{"id":194,"href":"https:\/\/www.letris.ro\/web\/wp-json\/wp\/v2\/pages\/24\/revisions\/194"}],"wp:attachment":[{"href":"https:\/\/www.letris.ro\/web\/wp-json\/wp\/v2\/media?parent=24"}],"curies":[{"name":"wp","href":"https:\/\/api.w.org\/{rel}","templated":true}]}}