{"id":22,"date":"2023-01-08T11:48:40","date_gmt":"2023-01-08T11:48:40","guid":{"rendered":"https:\/\/www.letris.ro\/web\/?page_id=22"},"modified":"2023-01-10T13:21:37","modified_gmt":"2023-01-10T13:21:37","slug":"despre-companie","status":"publish","type":"page","link":"https:\/\/www.letris.ro\/web\/despre-companie\/","title":{"rendered":"Despre companie"},"content":{"rendered":"<section class=\"l-section wpb_row height_small\"><div class=\"l-section-h i-cf\"><div class=\"g-cols vc_row via_grid cols_2 laptops-cols_inherit tablets-cols_inherit mobiles-cols_1 valign_top type_default stacking_default\"><div class=\"wpb_column vc_column_container\"><div class=\"vc_column-inner\"><div class=\"wpb_text_column\"><div class=\"wpb_wrapper\"><h1>Letris Alfa Consulting<\/h1>\n<\/div><\/div><div class=\"w-separator size_small\"><\/div><div class=\"wpb_text_column\"><div class=\"wpb_wrapper\"><p><strong>Your trusted advisor<\/strong><\/p>\n<p>Compania Letris a fost \u00eenfiin\u021bat\u0103 \u00een anul 2018 oper\u00e2nd \u00een segmentul de pia\u021b\u0103 al prest\u0103rilor de servicii avansate de consultan\u021b\u0103 cu valoare economic\u0103 \u0219i tehnologic\u0103 ad\u0103ugat\u0103. Sub-segmentul de pia\u021b\u0103 principal este reprezentat de domeniul serviciilor IT&amp;C cu suprapunere peste domeniul de consultan\u021b\u0103 de business, \u00eencadr\u00e2ndu-se ca activitate complex\u0103 \u00eentr-o ni\u0219\u0103 tehnologic\u0103 specializat\u0103, Consultan\u021b\u0103 Avansat\u0103 pentru Digitalizarea \u0219i Securitatea Afacerii.<\/p>\n<p>Cuno\u0219tin\u021bele \u0219i experien\u021ba noastr\u0103 tehnic\u0103 ne permit s\u0103 construim solu\u021bii invatoare \u0219i exclusive pentru clien\u021bii no\u0219tri. Ne baz\u0103m pe speciali\u0219ti certifica\u021bi la nivel interna\u021bional (CCIE &#8211; Cisco Certified Internetwork Expert), pe rela\u021bii puternice cultivate pe parcursul a peste 20 de ani de experien\u021b\u0103 cu vendorii te tehnologie pentru a oferi expertiz\u0103 \u00een Solu\u021bii de digitalizare bazate pe arhitecturi de virtualizare \u0219i microservicii, arhitecturi complexe de re\u021bea, securitate IT \u0219i disaster recovery.<\/p>\n<\/div><\/div><\/div><\/div><div class=\"wpb_column vc_column_container\"><div class=\"vc_column-inner\"><div class=\"w-separator size_medium\"><\/div><div class=\"w-image align_none\"><div class=\"w-image-h\"><img decoding=\"async\" width=\"1024\" height=\"683\" src=\"https:\/\/www.letris.ro\/web\/wp-content\/uploads\/2023\/01\/header2-1024x683.jpg\" class=\"attachment-large size-large\" alt=\"\" loading=\"lazy\" srcset=\"https:\/\/www.letris.ro\/web\/wp-content\/uploads\/2023\/01\/header2-1024x683.jpg 1024w, https:\/\/www.letris.ro\/web\/wp-content\/uploads\/2023\/01\/header2-300x200.jpg 300w, https:\/\/www.letris.ro\/web\/wp-content\/uploads\/2023\/01\/header2.jpg 1200w\" sizes=\"auto, (max-width: 1024px) 100vw, 1024px\" \/><\/div><\/div><\/div><\/div><\/div><\/div><\/section><section class=\"l-section wpb_row height_small color_alternate\"><div class=\"l-section-h i-cf\"><div class=\"g-cols vc_row via_grid cols_1 laptops-cols_inherit tablets-cols_inherit mobiles-cols_1 valign_top type_default stacking_default\"><div class=\"wpb_column vc_column_container\"><div class=\"vc_column-inner\"><div class=\"wpb_text_column\"><div class=\"wpb_wrapper\"><p style=\"text-align: center;\">Letris se adreseaz\u0103, at\u00e2t clien\u021bilor din Rom\u00e2nia, c\u00e2t \u0219i celor din afara \u021b\u0103rii deoarece serviciile prestate pot fi realizate de la distan\u021b\u0103 \u00een totalitate, utiliz\u00e2nd mediul online. Cu toate acestea, exist\u0103 \u00een mod frecvent \u00eent\u00e2lniri de afaceri cu interac\u021biune fizic\u0103, at\u00e2t cu clien\u021bii, c\u00e2t \u0219i cu partenerii\/furnizorii.<\/p>\n<\/div><\/div><\/div><\/div><\/div><\/div><\/section><section class=\"l-section wpb_row height_small\"><div class=\"l-section-h i-cf\"><div class=\"g-cols vc_row via_grid cols_1 laptops-cols_inherit tablets-cols_inherit mobiles-cols_1 valign_top type_default stacking_default\"><div class=\"wpb_column vc_column_container\"><div class=\"vc_column-inner\"><div class=\"wpb_text_column\"><div class=\"wpb_wrapper\"><p>Scopul nostru este s\u0103 construim solu\u021bii puternice \u0219i securizate care s\u0103 devin\u0103 motor principal al rentabilit\u0103\u021bii investi\u021biei \u00een tehnologie pe termen lung, \u00een timp ce c\u0103ut\u0103m s\u0103 oferim clien\u021bilor optimizarea bugetelor pentru licen\u021biere prin management activ, strategic.<\/p>\n<\/div><\/div><\/div><\/div><\/div><\/div><\/section><section class=\"l-section wpb_row height_small color_secondary\"><div class=\"l-section-h i-cf\"><div class=\"g-cols vc_row via_grid cols_2 laptops-cols_inherit tablets-cols_inherit mobiles-cols_1 valign_top type_default stacking_default\"><div class=\"wpb_column vc_column_container\"><div class=\"vc_column-inner\"><div class=\"w-image align_none\"><div class=\"w-image-h\"><img decoding=\"async\" width=\"756\" height=\"666\" src=\"https:\/\/www.letris.ro\/web\/wp-content\/uploads\/2023\/01\/Letris-Alfa-Cons-Contact.jpg\" class=\"attachment-large size-large\" alt=\"\" loading=\"lazy\" srcset=\"https:\/\/www.letris.ro\/web\/wp-content\/uploads\/2023\/01\/Letris-Alfa-Cons-Contact.jpg 756w, https:\/\/www.letris.ro\/web\/wp-content\/uploads\/2023\/01\/Letris-Alfa-Cons-Contact-300x264.jpg 300w\" sizes=\"auto, (max-width: 756px) 100vw, 756px\" \/><\/div><\/div><\/div><\/div><div class=\"wpb_column vc_column_container\"><div class=\"vc_column-inner\"><div class=\"wpb_text_column\"><div class=\"wpb_wrapper\"><h6>Discut\u0103 cu un consultat Letris:<\/h6>\n<\/div><\/div><div class=\"w-separator size_small\"><\/div>\n<div class=\"wpcf7 no-js\" id=\"wpcf7-f89-o1\" lang=\"en-US\" dir=\"ltr\" data-wpcf7-id=\"89\">\n<div class=\"screen-reader-response\"><p role=\"status\" aria-live=\"polite\" aria-atomic=\"true\"><\/p> <ul><\/ul><\/div>\n<form action=\"\/web\/wp-json\/wp\/v2\/pages\/22#wpcf7-f89-o1\" method=\"post\" class=\"wpcf7-form init\" aria-label=\"Contact form\" novalidate=\"novalidate\" data-status=\"init\">\n<fieldset class=\"hidden-fields-container\"><input type=\"hidden\" name=\"_wpcf7\" value=\"89\" \/><input type=\"hidden\" name=\"_wpcf7_version\" value=\"6.1.5\" \/><input type=\"hidden\" name=\"_wpcf7_locale\" value=\"en_US\" \/><input type=\"hidden\" name=\"_wpcf7_unit_tag\" value=\"wpcf7-f89-o1\" \/><input type=\"hidden\" name=\"_wpcf7_container_post\" value=\"0\" \/><input type=\"hidden\" name=\"_wpcf7_posted_data_hash\" value=\"\" \/><input type=\"hidden\" name=\"_wpcf7_recaptcha_response\" value=\"\" \/>\n<\/fieldset>\n<p><label> Numele \u0219i prenumele<br \/>\n<span class=\"wpcf7-form-control-wrap\" data-name=\"your-name\"><input size=\"40\" maxlength=\"400\" class=\"wpcf7-form-control wpcf7-text wpcf7-validates-as-required\" autocomplete=\"name\" aria-required=\"true\" aria-invalid=\"false\" value=\"\" type=\"text\" name=\"your-name\" \/><\/span> <\/label>\n<\/p>\n<p><label> E-mail<br \/>\n<span class=\"wpcf7-form-control-wrap\" data-name=\"your-email\"><input size=\"40\" maxlength=\"400\" class=\"wpcf7-form-control wpcf7-email wpcf7-validates-as-required wpcf7-text wpcf7-validates-as-email\" autocomplete=\"email\" aria-required=\"true\" aria-invalid=\"false\" value=\"\" type=\"email\" name=\"your-email\" \/><\/span> <\/label>\n<\/p>\n<p><label> Subiect<br \/>\n<span class=\"wpcf7-form-control-wrap\" data-name=\"your-subject\"><input size=\"40\" maxlength=\"400\" class=\"wpcf7-form-control wpcf7-text wpcf7-validates-as-required\" aria-required=\"true\" aria-invalid=\"false\" value=\"\" type=\"text\" name=\"your-subject\" \/><\/span> <\/label>\n<\/p>\n<p><label> Mesajul dvs. (optional)<br \/>\n<span class=\"wpcf7-form-control-wrap\" data-name=\"your-message\"><textarea cols=\"40\" rows=\"10\" maxlength=\"2000\" class=\"wpcf7-form-control wpcf7-textarea\" aria-invalid=\"false\" name=\"your-message\"><\/textarea><\/span> <\/label>\n<\/p>\n<p><input class=\"wpcf7-form-control wpcf7-submit has-spinner\" type=\"submit\" value=\"Trimite\" \/>\n<\/p><p style=\"display: none !important;\" class=\"akismet-fields-container\" data-prefix=\"_wpcf7_ak_\"><label>&#916;<textarea name=\"_wpcf7_ak_hp_textarea\" cols=\"45\" rows=\"8\" maxlength=\"100\"><\/textarea><\/label><input type=\"hidden\" id=\"ak_js_1\" name=\"_wpcf7_ak_js\" value=\"154\"\/><script>\ndocument.getElementById( \"ak_js_1\" ).setAttribute( \"value\", ( new Date() ).getTime() );\n<\/script>\n<\/p><div class=\"wpcf7-response-output\" aria-hidden=\"true\"><\/div>\n<\/form>\n<\/div>\n<\/div><\/div><\/div><\/div><\/section>\n","protected":false},"excerpt":{"rendered":"Letris Alfa Consulting Your trusted advisor Compania Letris a fost \u00eenfiin\u021bat\u0103 \u00een anul 2018 oper\u00e2nd \u00een segmentul de pia\u021b\u0103 al prest\u0103rilor de servicii avansate de consultan\u021b\u0103 cu valoare economic\u0103 \u0219i tehnologic\u0103 ad\u0103ugat\u0103. Sub-segmentul de pia\u021b\u0103 principal este reprezentat de domeniul serviciilor IT&amp;C cu suprapunere peste domeniul de consultan\u021b\u0103 de business, \u00eencadr\u00e2ndu-se ca activitate complex\u0103 \u00eentr-o...","protected":false},"author":1,"featured_media":50,"parent":0,"menu_order":0,"comment_status":"closed","ping_status":"closed","template":"","meta":{"footnotes":""},"class_list":["post-22","page","type-page","status-publish","has-post-thumbnail","hentry"],"yoast_head":"<!-- This site is optimized with the Yoast SEO plugin v27.5 - https:\/\/yoast.com\/product\/yoast-seo-wordpress\/ -->\n<title>Despre companie - Letris Alfa Consulting - Your trusted advisor<\/title>\n<meta name=\"description\" content=\"Letris Alfa Consulting - Your trusted advisor: Consultan\u021b\u0103 Avansat\u0103 pentru Digitalizarea \u0219i Securitatea Afacerii\" \/>\n<meta name=\"robots\" content=\"index, follow, max-snippet:-1, max-image-preview:large, max-video-preview:-1\" \/>\n<link rel=\"canonical\" href=\"https:\/\/www.letris.ro\/web\/despre-companie\/\" \/>\n<meta property=\"og:locale\" content=\"en_US\" \/>\n<meta property=\"og:type\" content=\"article\" \/>\n<meta property=\"og:title\" content=\"Despre companie - Letris Alfa Consulting - Your trusted advisor\" \/>\n<meta property=\"og:description\" content=\"Letris Alfa Consulting - Your trusted advisor: Consultan\u021b\u0103 Avansat\u0103 pentru Digitalizarea \u0219i Securitatea Afacerii\" \/>\n<meta property=\"og:url\" content=\"https:\/\/www.letris.ro\/web\/despre-companie\/\" \/>\n<meta property=\"og:site_name\" content=\"Letris Alfa Consulting\" \/>\n<meta property=\"article:modified_time\" content=\"2023-01-10T13:21:37+00:00\" \/>\n<meta property=\"og:image\" content=\"https:\/\/www.letris.ro\/web\/wp-content\/uploads\/2023\/01\/header2.jpg\" \/>\n\t<meta property=\"og:image:width\" content=\"1200\" \/>\n\t<meta property=\"og:image:height\" content=\"800\" \/>\n\t<meta property=\"og:image:type\" content=\"image\/jpeg\" \/>\n<meta name=\"twitter:card\" content=\"summary_large_image\" \/>\n<meta name=\"twitter:label1\" content=\"Est. reading time\" \/>\n\t<meta name=\"twitter:data1\" content=\"2 minutes\" \/>\n<script type=\"application\/ld+json\" class=\"yoast-schema-graph\">{\"@context\":\"https:\\\/\\\/schema.org\",\"@graph\":[{\"@type\":\"WebPage\",\"@id\":\"https:\\\/\\\/www.letris.ro\\\/web\\\/despre-companie\\\/\",\"url\":\"https:\\\/\\\/www.letris.ro\\\/web\\\/despre-companie\\\/\",\"name\":\"Despre companie - Letris Alfa Consulting - Your trusted advisor\",\"isPartOf\":{\"@id\":\"https:\\\/\\\/www.letris.ro\\\/web\\\/#website\"},\"primaryImageOfPage\":{\"@id\":\"https:\\\/\\\/www.letris.ro\\\/web\\\/despre-companie\\\/#primaryimage\"},\"image\":{\"@id\":\"https:\\\/\\\/www.letris.ro\\\/web\\\/despre-companie\\\/#primaryimage\"},\"thumbnailUrl\":\"https:\\\/\\\/www.letris.ro\\\/web\\\/wp-content\\\/uploads\\\/2023\\\/01\\\/header2.jpg\",\"datePublished\":\"2023-01-08T11:48:40+00:00\",\"dateModified\":\"2023-01-10T13:21:37+00:00\",\"description\":\"Letris Alfa Consulting - Your trusted advisor: Consultan\u021b\u0103 Avansat\u0103 pentru Digitalizarea \u0219i Securitatea Afacerii\",\"breadcrumb\":{\"@id\":\"https:\\\/\\\/www.letris.ro\\\/web\\\/despre-companie\\\/#breadcrumb\"},\"inLanguage\":\"en-US\",\"potentialAction\":[{\"@type\":\"ReadAction\",\"target\":[\"https:\\\/\\\/www.letris.ro\\\/web\\\/despre-companie\\\/\"]}]},{\"@type\":\"ImageObject\",\"inLanguage\":\"en-US\",\"@id\":\"https:\\\/\\\/www.letris.ro\\\/web\\\/despre-companie\\\/#primaryimage\",\"url\":\"https:\\\/\\\/www.letris.ro\\\/web\\\/wp-content\\\/uploads\\\/2023\\\/01\\\/header2.jpg\",\"contentUrl\":\"https:\\\/\\\/www.letris.ro\\\/web\\\/wp-content\\\/uploads\\\/2023\\\/01\\\/header2.jpg\",\"width\":1200,\"height\":800},{\"@type\":\"BreadcrumbList\",\"@id\":\"https:\\\/\\\/www.letris.ro\\\/web\\\/despre-companie\\\/#breadcrumb\",\"itemListElement\":[{\"@type\":\"ListItem\",\"position\":1,\"name\":\"Home\",\"item\":\"https:\\\/\\\/www.letris.ro\\\/web\\\/\"},{\"@type\":\"ListItem\",\"position\":2,\"name\":\"Despre companie\"}]},{\"@type\":\"WebSite\",\"@id\":\"https:\\\/\\\/www.letris.ro\\\/web\\\/#website\",\"url\":\"https:\\\/\\\/www.letris.ro\\\/web\\\/\",\"name\":\"Letris Alfa Consulting\",\"description\":\"\",\"potentialAction\":[{\"@type\":\"SearchAction\",\"target\":{\"@type\":\"EntryPoint\",\"urlTemplate\":\"https:\\\/\\\/www.letris.ro\\\/web\\\/?s={search_term_string}\"},\"query-input\":{\"@type\":\"PropertyValueSpecification\",\"valueRequired\":true,\"valueName\":\"search_term_string\"}}],\"inLanguage\":\"en-US\"}]}<\/script>\n<!-- \/ Yoast SEO plugin. -->","yoast_head_json":{"title":"Despre companie - Letris Alfa Consulting - Your trusted advisor","description":"Letris Alfa Consulting - Your trusted advisor: Consultan\u021b\u0103 Avansat\u0103 pentru Digitalizarea \u0219i Securitatea Afacerii","robots":{"index":"index","follow":"follow","max-snippet":"max-snippet:-1","max-image-preview":"max-image-preview:large","max-video-preview":"max-video-preview:-1"},"canonical":"https:\/\/www.letris.ro\/web\/despre-companie\/","og_locale":"en_US","og_type":"article","og_title":"Despre companie - Letris Alfa Consulting - Your trusted advisor","og_description":"Letris Alfa Consulting - Your trusted advisor: Consultan\u021b\u0103 Avansat\u0103 pentru Digitalizarea \u0219i Securitatea Afacerii","og_url":"https:\/\/www.letris.ro\/web\/despre-companie\/","og_site_name":"Letris Alfa Consulting","article_modified_time":"2023-01-10T13:21:37+00:00","og_image":[{"width":1200,"height":800,"url":"https:\/\/www.letris.ro\/web\/wp-content\/uploads\/2023\/01\/header2.jpg","type":"image\/jpeg"}],"twitter_card":"summary_large_image","twitter_misc":{"Est. reading time":"2 minutes"},"schema":{"@context":"https:\/\/schema.org","@graph":[{"@type":"WebPage","@id":"https:\/\/www.letris.ro\/web\/despre-companie\/","url":"https:\/\/www.letris.ro\/web\/despre-companie\/","name":"Despre companie - Letris Alfa Consulting - Your trusted advisor","isPartOf":{"@id":"https:\/\/www.letris.ro\/web\/#website"},"primaryImageOfPage":{"@id":"https:\/\/www.letris.ro\/web\/despre-companie\/#primaryimage"},"image":{"@id":"https:\/\/www.letris.ro\/web\/despre-companie\/#primaryimage"},"thumbnailUrl":"https:\/\/www.letris.ro\/web\/wp-content\/uploads\/2023\/01\/header2.jpg","datePublished":"2023-01-08T11:48:40+00:00","dateModified":"2023-01-10T13:21:37+00:00","description":"Letris Alfa Consulting - Your trusted advisor: Consultan\u021b\u0103 Avansat\u0103 pentru Digitalizarea \u0219i Securitatea Afacerii","breadcrumb":{"@id":"https:\/\/www.letris.ro\/web\/despre-companie\/#breadcrumb"},"inLanguage":"en-US","potentialAction":[{"@type":"ReadAction","target":["https:\/\/www.letris.ro\/web\/despre-companie\/"]}]},{"@type":"ImageObject","inLanguage":"en-US","@id":"https:\/\/www.letris.ro\/web\/despre-companie\/#primaryimage","url":"https:\/\/www.letris.ro\/web\/wp-content\/uploads\/2023\/01\/header2.jpg","contentUrl":"https:\/\/www.letris.ro\/web\/wp-content\/uploads\/2023\/01\/header2.jpg","width":1200,"height":800},{"@type":"BreadcrumbList","@id":"https:\/\/www.letris.ro\/web\/despre-companie\/#breadcrumb","itemListElement":[{"@type":"ListItem","position":1,"name":"Home","item":"https:\/\/www.letris.ro\/web\/"},{"@type":"ListItem","position":2,"name":"Despre companie"}]},{"@type":"WebSite","@id":"https:\/\/www.letris.ro\/web\/#website","url":"https:\/\/www.letris.ro\/web\/","name":"Letris Alfa Consulting","description":"","potentialAction":[{"@type":"SearchAction","target":{"@type":"EntryPoint","urlTemplate":"https:\/\/www.letris.ro\/web\/?s={search_term_string}"},"query-input":{"@type":"PropertyValueSpecification","valueRequired":true,"valueName":"search_term_string"}}],"inLanguage":"en-US"}]}},"_links":{"self":[{"href":"https:\/\/www.letris.ro\/web\/wp-json\/wp\/v2\/pages\/22","targetHints":{"allow":["GET"]}}],"collection":[{"href":"https:\/\/www.letris.ro\/web\/wp-json\/wp\/v2\/pages"}],"about":[{"href":"https:\/\/www.letris.ro\/web\/wp-json\/wp\/v2\/types\/page"}],"author":[{"embeddable":true,"href":"https:\/\/www.letris.ro\/web\/wp-json\/wp\/v2\/users\/1"}],"replies":[{"embeddable":true,"href":"https:\/\/www.letris.ro\/web\/wp-json\/wp\/v2\/comments?post=22"}],"version-history":[{"count":9,"href":"https:\/\/www.letris.ro\/web\/wp-json\/wp\/v2\/pages\/22\/revisions"}],"predecessor-version":[{"id":190,"href":"https:\/\/www.letris.ro\/web\/wp-json\/wp\/v2\/pages\/22\/revisions\/190"}],"wp:featuredmedia":[{"embeddable":true,"href":"https:\/\/www.letris.ro\/web\/wp-json\/wp\/v2\/media\/50"}],"wp:attachment":[{"href":"https:\/\/www.letris.ro\/web\/wp-json\/wp\/v2\/media?parent=22"}],"curies":[{"name":"wp","href":"https:\/\/api.w.org\/{rel}","templated":true}]}}