{"id":153,"date":"2023-01-10T11:31:33","date_gmt":"2023-01-10T11:31:33","guid":{"rendered":"https:\/\/www.letris.ro\/web\/?page_id=153"},"modified":"2025-07-04T09:26:49","modified_gmt":"2025-07-04T07:26:49","slug":"contact-2","status":"publish","type":"page","link":"https:\/\/www.letris.ro\/web\/en\/contact-2\/","title":{"rendered":"Contact"},"content":{"rendered":"<section class=\"l-section wpb_row height_small\"><div class=\"l-section-h i-cf\"><div class=\"g-cols vc_row via_grid cols_2 laptops-cols_inherit tablets-cols_inherit mobiles-cols_1 valign_top type_default stacking_default\"><div class=\"wpb_column vc_column_container\"><div class=\"vc_column-inner\"><div class=\"w-image align_none\"><div class=\"w-image-h\"><img decoding=\"async\" width=\"756\" height=\"666\" src=\"https:\/\/www.letris.ro\/web\/wp-content\/uploads\/2023\/01\/Letris-Alfa-Cons-Contact.jpg\" class=\"attachment-large size-large\" alt=\"\" loading=\"lazy\" srcset=\"https:\/\/www.letris.ro\/web\/wp-content\/uploads\/2023\/01\/Letris-Alfa-Cons-Contact.jpg 756w, https:\/\/www.letris.ro\/web\/wp-content\/uploads\/2023\/01\/Letris-Alfa-Cons-Contact-300x264.jpg 300w\" sizes=\"auto, (max-width: 756px) 100vw, 756px\" \/><\/div><\/div><\/div><\/div><div class=\"wpb_column vc_column_container\"><div class=\"vc_column-inner\"><div class=\"wpb_text_column\"><div class=\"wpb_wrapper\"><div class=\"wpb_text_column\">\n<div class=\"wpb_wrapper\">\n<h6>Talk to a Letris consultant:<\/h6>\n<\/div>\n<\/div>\n<\/div><\/div><div class=\"w-separator size_small\"><\/div>\n<div class=\"wpcf7 no-js\" id=\"wpcf7-f151-o1\" lang=\"en-US\" dir=\"ltr\" data-wpcf7-id=\"151\">\n<div class=\"screen-reader-response\"><p role=\"status\" aria-live=\"polite\" aria-atomic=\"true\"><\/p> <ul><\/ul><\/div>\n<form action=\"\/web\/wp-json\/wp\/v2\/pages\/153#wpcf7-f151-o1\" method=\"post\" class=\"wpcf7-form init\" aria-label=\"Contact form\" novalidate=\"novalidate\" data-status=\"init\">\n<fieldset class=\"hidden-fields-container\"><input type=\"hidden\" name=\"_wpcf7\" value=\"151\" \/><input type=\"hidden\" name=\"_wpcf7_version\" value=\"6.1.5\" \/><input type=\"hidden\" name=\"_wpcf7_locale\" value=\"en_US\" \/><input type=\"hidden\" name=\"_wpcf7_unit_tag\" value=\"wpcf7-f151-o1\" \/><input type=\"hidden\" name=\"_wpcf7_container_post\" value=\"0\" \/><input type=\"hidden\" name=\"_wpcf7_posted_data_hash\" value=\"\" \/><input type=\"hidden\" name=\"_wpcf7_recaptcha_response\" value=\"\" \/>\n<\/fieldset>\n<p><label> Name and surname<br \/>\n<span class=\"wpcf7-form-control-wrap\" data-name=\"your-name\"><input size=\"40\" maxlength=\"400\" class=\"wpcf7-form-control wpcf7-text wpcf7-validates-as-required\" autocomplete=\"name\" aria-required=\"true\" aria-invalid=\"false\" value=\"\" type=\"text\" name=\"your-name\" \/><\/span> <\/label>\n<\/p>\n<p><label> E-mail<br \/>\n<span class=\"wpcf7-form-control-wrap\" data-name=\"your-email\"><input size=\"40\" maxlength=\"400\" class=\"wpcf7-form-control wpcf7-email wpcf7-validates-as-required wpcf7-text wpcf7-validates-as-email\" autocomplete=\"email\" aria-required=\"true\" aria-invalid=\"false\" value=\"\" type=\"email\" name=\"your-email\" \/><\/span> <\/label>\n<\/p>\n<p><label> Subject<br \/>\n<span class=\"wpcf7-form-control-wrap\" data-name=\"your-subject\"><input size=\"40\" maxlength=\"400\" class=\"wpcf7-form-control wpcf7-text wpcf7-validates-as-required\" aria-required=\"true\" aria-invalid=\"false\" value=\"\" type=\"text\" name=\"your-subject\" \/><\/span> <\/label>\n<\/p>\n<p><label> Your message (optional)<br \/>\n<span class=\"wpcf7-form-control-wrap\" data-name=\"your-message\"><textarea cols=\"40\" rows=\"10\" maxlength=\"2000\" class=\"wpcf7-form-control wpcf7-textarea\" aria-invalid=\"false\" name=\"your-message\"><\/textarea><\/span> <\/label>\n<\/p>\n<p><input class=\"wpcf7-form-control wpcf7-submit has-spinner\" type=\"submit\" value=\"Send\" \/>\n<\/p><p style=\"display: none !important;\" class=\"akismet-fields-container\" data-prefix=\"_wpcf7_ak_\"><label>&#916;<textarea name=\"_wpcf7_ak_hp_textarea\" cols=\"45\" rows=\"8\" maxlength=\"100\"><\/textarea><\/label><input type=\"hidden\" id=\"ak_js_1\" name=\"_wpcf7_ak_js\" value=\"170\"\/><script>\ndocument.getElementById( \"ak_js_1\" ).setAttribute( \"value\", ( new Date() ).getTime() );\n<\/script>\n<\/p><div class=\"wpcf7-response-output\" aria-hidden=\"true\"><\/div>\n<\/form>\n<\/div>\n<\/div><\/div><\/div><\/div><\/section><section class=\"l-section wpb_row height_small color_secondary\"><div class=\"l-section-h i-cf\"><div class=\"g-cols vc_row via_grid cols_1 laptops-cols_inherit tablets-cols_inherit mobiles-cols_1 valign_top type_default stacking_default\"><div class=\"wpb_column vc_column_container\"><div class=\"vc_column-inner\"><div class=\"wpb_text_column\"><div class=\"wpb_wrapper\"><p>LETRIS ALFA CONSULTING S.R.L.<br \/>\nCIF: RO39984181<br \/>\nReg. com: J2018014573409<br \/>\nAdresa: Str. BURNI\u0162EI, Nr. 24, Cod postal 032342,Bucuresti, Sector 3<br \/>\nBanca: Banca Transilvania<br \/>\nIBAN: RO64BTRLRONCRT0469999201<\/p>\n<\/div><\/div><\/div><\/div><\/div><\/div><\/section>\n","protected":false},"excerpt":{"rendered":"Talk to a Letris consultant: Name and surname E-mail Subject Your message (optional) &#916; LETRIS ALFA CONSULTING S.R.L. CIF: RO39984181 Reg. com: J2018014573409 Adresa: Str. BURNI\u0162EI, Nr. 24, Cod postal 032342,Bucuresti, Sector 3 Banca: Banca Transilvania IBAN: RO64BTRLRONCRT0469999201","protected":false},"author":1,"featured_media":49,"parent":0,"menu_order":0,"comment_status":"closed","ping_status":"closed","template":"","meta":{"footnotes":""},"class_list":["post-153","page","type-page","status-publish","has-post-thumbnail","hentry"],"yoast_head":"<!-- This site is optimized with the Yoast SEO plugin v27.5 - https:\/\/yoast.com\/product\/yoast-seo-wordpress\/ -->\n<title>Contact Letris Alfa Consulting - Adresa, telefon, e-mail<\/title>\n<meta name=\"description\" content=\"Contact - Letris opereaza \u00een segmentul de pia\u021b\u0103 al serviciilor avansate de consultan\u021b\u0103 cu valoare economic\u0103 \u0219i tehnologic\u0103 ad\u0103ugat\u0103\" \/>\n<meta name=\"robots\" content=\"index, follow, max-snippet:-1, max-image-preview:large, max-video-preview:-1\" \/>\n<link rel=\"canonical\" href=\"https:\/\/www.letris.ro\/web\/en\/contact-2\/\" \/>\n<meta property=\"og:locale\" content=\"en_US\" \/>\n<meta property=\"og:type\" content=\"article\" \/>\n<meta property=\"og:title\" content=\"Contact Letris Alfa Consulting - Adresa, telefon, e-mail\" \/>\n<meta property=\"og:description\" content=\"Contact - Letris opereaza \u00een segmentul de pia\u021b\u0103 al serviciilor avansate de consultan\u021b\u0103 cu valoare economic\u0103 \u0219i tehnologic\u0103 ad\u0103ugat\u0103\" \/>\n<meta property=\"og:url\" content=\"https:\/\/www.letris.ro\/web\/en\/contact-2\/\" \/>\n<meta property=\"og:site_name\" content=\"Letris Alfa Consulting\" \/>\n<meta property=\"article:modified_time\" content=\"2025-07-04T07:26:49+00:00\" \/>\n<meta property=\"og:image\" content=\"https:\/\/www.letris.ro\/web\/wp-content\/uploads\/2023\/01\/header1.jpg\" \/>\n\t<meta property=\"og:image:width\" content=\"1200\" \/>\n\t<meta property=\"og:image:height\" content=\"792\" \/>\n\t<meta property=\"og:image:type\" content=\"image\/jpeg\" \/>\n<meta name=\"twitter:card\" content=\"summary_large_image\" \/>\n<meta name=\"twitter:label1\" content=\"Est. reading time\" \/>\n\t<meta name=\"twitter:data1\" content=\"1 minute\" \/>\n<script type=\"application\/ld+json\" class=\"yoast-schema-graph\">{\"@context\":\"https:\\\/\\\/schema.org\",\"@graph\":[{\"@type\":\"WebPage\",\"@id\":\"https:\\\/\\\/www.letris.ro\\\/web\\\/en\\\/contact-2\\\/\",\"url\":\"https:\\\/\\\/www.letris.ro\\\/web\\\/en\\\/contact-2\\\/\",\"name\":\"Contact Letris Alfa Consulting - Adresa, telefon, e-mail\",\"isPartOf\":{\"@id\":\"https:\\\/\\\/www.letris.ro\\\/web\\\/#website\"},\"primaryImageOfPage\":{\"@id\":\"https:\\\/\\\/www.letris.ro\\\/web\\\/en\\\/contact-2\\\/#primaryimage\"},\"image\":{\"@id\":\"https:\\\/\\\/www.letris.ro\\\/web\\\/en\\\/contact-2\\\/#primaryimage\"},\"thumbnailUrl\":\"https:\\\/\\\/www.letris.ro\\\/web\\\/wp-content\\\/uploads\\\/2023\\\/01\\\/header1.jpg\",\"datePublished\":\"2023-01-10T11:31:33+00:00\",\"dateModified\":\"2025-07-04T07:26:49+00:00\",\"description\":\"Contact - Letris opereaza \u00een segmentul de pia\u021b\u0103 al serviciilor avansate de consultan\u021b\u0103 cu valoare economic\u0103 \u0219i tehnologic\u0103 ad\u0103ugat\u0103\",\"breadcrumb\":{\"@id\":\"https:\\\/\\\/www.letris.ro\\\/web\\\/en\\\/contact-2\\\/#breadcrumb\"},\"inLanguage\":\"en-US\",\"potentialAction\":[{\"@type\":\"ReadAction\",\"target\":[\"https:\\\/\\\/www.letris.ro\\\/web\\\/en\\\/contact-2\\\/\"]}]},{\"@type\":\"ImageObject\",\"inLanguage\":\"en-US\",\"@id\":\"https:\\\/\\\/www.letris.ro\\\/web\\\/en\\\/contact-2\\\/#primaryimage\",\"url\":\"https:\\\/\\\/www.letris.ro\\\/web\\\/wp-content\\\/uploads\\\/2023\\\/01\\\/header1.jpg\",\"contentUrl\":\"https:\\\/\\\/www.letris.ro\\\/web\\\/wp-content\\\/uploads\\\/2023\\\/01\\\/header1.jpg\",\"width\":1200,\"height\":792},{\"@type\":\"BreadcrumbList\",\"@id\":\"https:\\\/\\\/www.letris.ro\\\/web\\\/en\\\/contact-2\\\/#breadcrumb\",\"itemListElement\":[{\"@type\":\"ListItem\",\"position\":1,\"name\":\"Home\",\"item\":\"https:\\\/\\\/www.letris.ro\\\/web\\\/\"},{\"@type\":\"ListItem\",\"position\":2,\"name\":\"Contact\"}]},{\"@type\":\"WebSite\",\"@id\":\"https:\\\/\\\/www.letris.ro\\\/web\\\/#website\",\"url\":\"https:\\\/\\\/www.letris.ro\\\/web\\\/\",\"name\":\"Letris Alfa Consulting\",\"description\":\"\",\"potentialAction\":[{\"@type\":\"SearchAction\",\"target\":{\"@type\":\"EntryPoint\",\"urlTemplate\":\"https:\\\/\\\/www.letris.ro\\\/web\\\/?s={search_term_string}\"},\"query-input\":{\"@type\":\"PropertyValueSpecification\",\"valueRequired\":true,\"valueName\":\"search_term_string\"}}],\"inLanguage\":\"en-US\"}]}<\/script>\n<!-- \/ Yoast SEO plugin. -->","yoast_head_json":{"title":"Contact Letris Alfa Consulting - Adresa, telefon, e-mail","description":"Contact - Letris opereaza \u00een segmentul de pia\u021b\u0103 al serviciilor avansate de consultan\u021b\u0103 cu valoare economic\u0103 \u0219i tehnologic\u0103 ad\u0103ugat\u0103","robots":{"index":"index","follow":"follow","max-snippet":"max-snippet:-1","max-image-preview":"max-image-preview:large","max-video-preview":"max-video-preview:-1"},"canonical":"https:\/\/www.letris.ro\/web\/en\/contact-2\/","og_locale":"en_US","og_type":"article","og_title":"Contact Letris Alfa Consulting - Adresa, telefon, e-mail","og_description":"Contact - Letris opereaza \u00een segmentul de pia\u021b\u0103 al serviciilor avansate de consultan\u021b\u0103 cu valoare economic\u0103 \u0219i tehnologic\u0103 ad\u0103ugat\u0103","og_url":"https:\/\/www.letris.ro\/web\/en\/contact-2\/","og_site_name":"Letris Alfa Consulting","article_modified_time":"2025-07-04T07:26:49+00:00","og_image":[{"width":1200,"height":792,"url":"https:\/\/www.letris.ro\/web\/wp-content\/uploads\/2023\/01\/header1.jpg","type":"image\/jpeg"}],"twitter_card":"summary_large_image","twitter_misc":{"Est. reading time":"1 minute"},"schema":{"@context":"https:\/\/schema.org","@graph":[{"@type":"WebPage","@id":"https:\/\/www.letris.ro\/web\/en\/contact-2\/","url":"https:\/\/www.letris.ro\/web\/en\/contact-2\/","name":"Contact Letris Alfa Consulting - Adresa, telefon, e-mail","isPartOf":{"@id":"https:\/\/www.letris.ro\/web\/#website"},"primaryImageOfPage":{"@id":"https:\/\/www.letris.ro\/web\/en\/contact-2\/#primaryimage"},"image":{"@id":"https:\/\/www.letris.ro\/web\/en\/contact-2\/#primaryimage"},"thumbnailUrl":"https:\/\/www.letris.ro\/web\/wp-content\/uploads\/2023\/01\/header1.jpg","datePublished":"2023-01-10T11:31:33+00:00","dateModified":"2025-07-04T07:26:49+00:00","description":"Contact - Letris opereaza \u00een segmentul de pia\u021b\u0103 al serviciilor avansate de consultan\u021b\u0103 cu valoare economic\u0103 \u0219i tehnologic\u0103 ad\u0103ugat\u0103","breadcrumb":{"@id":"https:\/\/www.letris.ro\/web\/en\/contact-2\/#breadcrumb"},"inLanguage":"en-US","potentialAction":[{"@type":"ReadAction","target":["https:\/\/www.letris.ro\/web\/en\/contact-2\/"]}]},{"@type":"ImageObject","inLanguage":"en-US","@id":"https:\/\/www.letris.ro\/web\/en\/contact-2\/#primaryimage","url":"https:\/\/www.letris.ro\/web\/wp-content\/uploads\/2023\/01\/header1.jpg","contentUrl":"https:\/\/www.letris.ro\/web\/wp-content\/uploads\/2023\/01\/header1.jpg","width":1200,"height":792},{"@type":"BreadcrumbList","@id":"https:\/\/www.letris.ro\/web\/en\/contact-2\/#breadcrumb","itemListElement":[{"@type":"ListItem","position":1,"name":"Home","item":"https:\/\/www.letris.ro\/web\/"},{"@type":"ListItem","position":2,"name":"Contact"}]},{"@type":"WebSite","@id":"https:\/\/www.letris.ro\/web\/#website","url":"https:\/\/www.letris.ro\/web\/","name":"Letris Alfa Consulting","description":"","potentialAction":[{"@type":"SearchAction","target":{"@type":"EntryPoint","urlTemplate":"https:\/\/www.letris.ro\/web\/?s={search_term_string}"},"query-input":{"@type":"PropertyValueSpecification","valueRequired":true,"valueName":"search_term_string"}}],"inLanguage":"en-US"}]}},"_links":{"self":[{"href":"https:\/\/www.letris.ro\/web\/wp-json\/wp\/v2\/pages\/153","targetHints":{"allow":["GET"]}}],"collection":[{"href":"https:\/\/www.letris.ro\/web\/wp-json\/wp\/v2\/pages"}],"about":[{"href":"https:\/\/www.letris.ro\/web\/wp-json\/wp\/v2\/types\/page"}],"author":[{"embeddable":true,"href":"https:\/\/www.letris.ro\/web\/wp-json\/wp\/v2\/users\/1"}],"replies":[{"embeddable":true,"href":"https:\/\/www.letris.ro\/web\/wp-json\/wp\/v2\/comments?post=153"}],"version-history":[{"count":4,"href":"https:\/\/www.letris.ro\/web\/wp-json\/wp\/v2\/pages\/153\/revisions"}],"predecessor-version":[{"id":1038,"href":"https:\/\/www.letris.ro\/web\/wp-json\/wp\/v2\/pages\/153\/revisions\/1038"}],"wp:featuredmedia":[{"embeddable":true,"href":"https:\/\/www.letris.ro\/web\/wp-json\/wp\/v2\/media\/49"}],"wp:attachment":[{"href":"https:\/\/www.letris.ro\/web\/wp-json\/wp\/v2\/media?parent=153"}],"curies":[{"name":"wp","href":"https:\/\/api.w.org\/{rel}","templated":true}]}}