{"id":10,"date":"2023-01-08T11:01:25","date_gmt":"2023-01-08T11:01:25","guid":{"rendered":"https:\/\/www.letris.ro\/web\/?page_id=10"},"modified":"2023-05-11T07:09:23","modified_gmt":"2023-05-11T07:09:23","slug":"acasa","status":"publish","type":"page","link":"https:\/\/www.letris.ro\/web\/acasa\/","title":{"rendered":"Acasa"},"content":{"rendered":"<section class=\"l-section wpb_row height_auto width_full\"><div class=\"l-section-h i-cf\"><div class=\"g-cols vc_row via_grid cols_1 laptops-cols_inherit tablets-cols_inherit mobiles-cols_1 valign_top type_default stacking_default\"><div class=\"wpb_column vc_column_container\"><div class=\"vc_column-inner\"><\/div><\/div><\/div><\/div><\/section><section class=\"l-section wpb_row height_small\"><div class=\"l-section-h i-cf\"><div class=\"g-cols vc_row via_grid cols_1 laptops-cols_inherit tablets-cols_inherit mobiles-cols_1 valign_top type_default stacking_default\"><div class=\"wpb_column vc_column_container\"><div class=\"vc_column-inner\"><div class=\"wpb_text_column\"><div class=\"wpb_wrapper\"><h1 style=\"text-align: center;\">Consultan\u021b\u0103 Avansat\u0103 pentru Digitalizarea \u0219i Securitatea Afacerii<\/h1>\n<\/div><\/div><div class=\"w-separator size_small\"><\/div><div class=\"wpb_text_column\"><div class=\"wpb_wrapper\"><p style=\"text-align: center;\">Livr\u0103m servicii IT&amp;C cu suprapunere peste domeniul de consultan\u021b\u0103 de business, oferindu-v\u0103 acces la o ni\u0219\u0103 tehnologic\u0103 specializat\u0103: Consultan\u021b\u0103 Avansat\u0103 pentru Digitalizarea \u0219i Securitatea Afacerii. Construim solu\u021bii puternice \u0219i securizate care s\u0103 devin\u0103 motor principal al rentabilit\u0103\u021bii investi\u021biei \u00een tehnologie pe termen lung, \u00een timp ce c\u0103ut\u0103m s\u0103 oferim clien\u021bilor optimizarea bugetelor pentru licen\u021biere prin management activ, strategic.<\/p>\n<\/div><\/div><\/div><\/div><\/div><\/div><\/section><section class=\"l-section wpb_row height_small color_primary\"><div class=\"l-section-h i-cf\"><div class=\"g-cols vc_row via_grid cols_2 laptops-cols_inherit tablets-cols_inherit mobiles-cols_1 valign_top type_default stacking_default\"><div class=\"wpb_column vc_column_container\"><div class=\"vc_column-inner\"><div class=\"wpb_text_column\"><div class=\"wpb_wrapper\"><h2>Your trusted advisor<\/h2>\n<\/div><\/div><div class=\"w-separator size_small\"><\/div><div class=\"wpb_text_column\"><div class=\"wpb_wrapper\"><p>Al\u0103turi de noi, investi\u021bia Dvs. \u00een tehnologie nu se opre\u0219te la ob\u021binerea unor obiective \u021bintite. Conducem procesele de transformare digital\u0103 cu transparen\u021b\u0103, ar\u0103t\u00e2ndu-v\u0103 exact c\u00e2t de mult putem extinde impactul fiec\u0103rui euro investit de dvs. pentru a preg\u0103ti compania s\u0103 devin\u0103 rezilient\u0103 \u0219i profitabil\u0103 \u00een ciuda tuturor provoc\u0103rilor interne \u0219i externe.<\/p>\n<\/div><\/div><\/div><\/div><div class=\"wpb_column vc_column_container\"><div class=\"vc_column-inner\"><div class=\"w-image align_none\"><div class=\"w-image-h\"><img decoding=\"async\" width=\"1024\" height=\"394\" src=\"https:\/\/www.letris.ro\/web\/wp-content\/uploads\/2023\/01\/Letris-your-trusted-advisor-1024x394.jpg\" class=\"attachment-large size-large\" alt=\"\" loading=\"lazy\" srcset=\"https:\/\/www.letris.ro\/web\/wp-content\/uploads\/2023\/01\/Letris-your-trusted-advisor-1024x394.jpg 1024w, https:\/\/www.letris.ro\/web\/wp-content\/uploads\/2023\/01\/Letris-your-trusted-advisor-300x115.jpg 300w, https:\/\/www.letris.ro\/web\/wp-content\/uploads\/2023\/01\/Letris-your-trusted-advisor.jpg 1035w\" sizes=\"auto, (max-width: 1024px) 100vw, 1024px\" \/><\/div><\/div><\/div><\/div><\/div><\/div><\/section><section class=\"l-section wpb_row us_custom_eef79b84 height_small\"><div class=\"l-section-h i-cf\"><div class=\"g-cols vc_row via_grid cols_2 laptops-cols_inherit tablets-cols_inherit mobiles-cols_1 valign_top type_default stacking_default\"><div class=\"wpb_column vc_column_container\"><div class=\"vc_column-inner\"><div class=\"w-image align_none\"><div class=\"w-image-h\"><img decoding=\"async\" width=\"633\" height=\"354\" src=\"https:\/\/www.letris.ro\/web\/wp-content\/uploads\/2023\/01\/Letris-arhitecti-certificati-CCIE.jpg\" class=\"attachment-large size-large\" alt=\"\" loading=\"lazy\" srcset=\"https:\/\/www.letris.ro\/web\/wp-content\/uploads\/2023\/01\/Letris-arhitecti-certificati-CCIE.jpg 633w, https:\/\/www.letris.ro\/web\/wp-content\/uploads\/2023\/01\/Letris-arhitecti-certificati-CCIE-300x168.jpg 300w\" sizes=\"auto, (max-width: 633px) 100vw, 633px\" \/><\/div><\/div><\/div><\/div><div class=\"wpb_column vc_column_container\"><div class=\"vc_column-inner\"><div class=\"wpb_text_column\"><div class=\"wpb_wrapper\"><h2>Consultan\u021bi certifica\u021bi interna\u021bional<\/h2>\n<\/div><\/div><div class=\"w-separator size_small\"><\/div><div class=\"wpb_text_column\"><div class=\"wpb_wrapper\"><p>Cuno\u0219tin\u021bele \u0219i experien\u021ba noastr\u0103 tehnic\u0103 ne permit s\u0103 construim solu\u021bii inovatoare \u0219i exclusive pentru clien\u021bii no\u0219tri.<\/p>\n<p>Ne baz\u0103m pe speciali\u0219ti certifica\u021bi la nivel interna\u021bional, pe rela\u021bii puternice cultivate pe parcursul a peste 20 de ani de experien\u021b\u0103 cu vendorii de tehnologie pentru a oferi expertiz\u0103 \u00een solu\u021bii de digitalizare bazate pe arhitecturi de virtualizare \u0219i microservicii, arhitecturi complexe de re\u021bea, securitate IT \u0219i disaster recovery.<\/p>\n<\/div><\/div><\/div><\/div><\/div><\/div><\/section><section class=\"l-section wpb_row height_small\"><div class=\"l-section-h i-cf\"><div class=\"g-cols vc_row via_grid cols_1 laptops-cols_inherit tablets-cols_inherit mobiles-cols_1 valign_top type_default stacking_default\"><div class=\"wpb_column vc_column_container\"><div class=\"vc_column-inner\"><div class=\"wpb_text_column\"><div class=\"wpb_wrapper\"><h2 style=\"text-align: center;\">Produse \u0219i servicii:<\/h2>\n<\/div><\/div><div class=\"w-separator size_small\"><\/div><div class=\"wpb_text_column\"><div class=\"wpb_wrapper\"><p style=\"text-align: center;\">Men\u021binerea \u0219i sus\u021binerea unei infrastructuri complexe \u0219i a unei stive de aplica\u021bii poate fi o provocare. Suntem arhitec\u021bi de solu\u021bii cu experien\u021b\u0103 \u0219i proiecte de referin\u021b\u0103. Daca ave\u021bi nevoie de ajutor pentru a optimiza infrastructura organiza\u021biei pute\u021bi alege din paleta noastr\u0103 de produse si servicii:<\/p>\n<\/div><\/div><div class=\"w-separator size_medium\"><\/div><div class=\"g-cols wpb_row via_grid cols_3 laptops-cols_inherit tablets-cols_inherit mobiles-cols_1 valign_top type_default stacking_default\" style=\"--columns-gap:3rem;\"><div class=\"wpb_column vc_column_container\"><div class=\"vc_column-inner\"><div class=\"w-iconbox iconpos_top style_outlined color_secondary align_center no_text\"><a title=\"Produse si servicii\" href=\"https:\/\/www.letris.ro\/web\/produse-si-servicii\/\" class=\"w-iconbox-link\" aria-label=\"SUPORT TEHNIC\"><div class=\"w-iconbox-icon\" style=\"font-size:3rem;\"><i class=\"fad fa-cogs\"><\/i><\/div><\/a><div class=\"w-iconbox-meta\"><h6 class=\"w-iconbox-title\"><a title=\"Produse si servicii\" href=\"https:\/\/www.letris.ro\/web\/produse-si-servicii\/\" class=\"w-iconbox-link\" aria-label=\"SUPORT TEHNIC\">SUPORT TEHNIC<\/a><\/h6><\/div><\/div><\/div><\/div><div class=\"wpb_column vc_column_container\"><div class=\"vc_column-inner\"><div class=\"w-iconbox iconpos_top style_outlined color_secondary align_center no_text\"><a title=\"Produse si servicii\" href=\"https:\/\/www.letris.ro\/web\/produse-si-servicii\/\" class=\"w-iconbox-link\" aria-label=\"ASISTENTA TEHNICA\"><div class=\"w-iconbox-icon\" style=\"font-size:3rem;\"><i class=\"fad fa-users\"><\/i><\/div><\/a><div class=\"w-iconbox-meta\"><h6 class=\"w-iconbox-title\"><a title=\"Produse si servicii\" href=\"https:\/\/www.letris.ro\/web\/produse-si-servicii\/\" class=\"w-iconbox-link\" aria-label=\"ASISTENTA TEHNICA\">ASISTENTA TEHNICA<\/a><\/h6><\/div><\/div><\/div><\/div><div class=\"wpb_column vc_column_container\"><div class=\"vc_column-inner\"><div class=\"w-iconbox iconpos_top style_outlined color_secondary align_center no_text\"><a title=\"Produse si servicii\" href=\"https:\/\/www.letris.ro\/web\/produse-si-servicii\/\" class=\"w-iconbox-link\" aria-label=\"CONSULTAN\u021a\u0102\"><div class=\"w-iconbox-icon\" style=\"font-size:3rem;\"><i class=\"fad fa-lightbulb\"><\/i><\/div><\/a><div class=\"w-iconbox-meta\"><h6 class=\"w-iconbox-title\"><a title=\"Produse si servicii\" href=\"https:\/\/www.letris.ro\/web\/produse-si-servicii\/\" class=\"w-iconbox-link\" aria-label=\"CONSULTAN\u021a\u0102\">CONSULTAN\u021a\u0102<\/a><\/h6><\/div><\/div><\/div><\/div><\/div><div class=\"w-separator size_small\"><\/div><div class=\"g-cols wpb_row via_grid cols_3 laptops-cols_inherit tablets-cols_inherit mobiles-cols_1 valign_top type_default stacking_default\" style=\"--columns-gap:3rem;\"><div class=\"wpb_column vc_column_container\"><div class=\"vc_column-inner\"><div class=\"w-iconbox iconpos_top style_outlined color_secondary align_center no_text\"><a title=\"Produse si servicii\" href=\"https:\/\/www.letris.ro\/web\/produse-si-servicii\/\" class=\"w-iconbox-link\" aria-label=\"ARHITECTURI DE CONECTIVITATE \u0218I SECURITATE IT\"><div class=\"w-iconbox-icon\" style=\"font-size:3rem;\"><i class=\"fad fa-sitemap\"><\/i><\/div><\/a><div class=\"w-iconbox-meta\"><h6 class=\"w-iconbox-title\"><a title=\"Produse si servicii\" href=\"https:\/\/www.letris.ro\/web\/produse-si-servicii\/\" class=\"w-iconbox-link\" aria-label=\"ARHITECTURI DE CONECTIVITATE \u0218I SECURITATE IT\">ARHITECTURI DE CONECTIVITATE \u0218I SECURITATE IT<\/a><\/h6><\/div><\/div><\/div><\/div><div class=\"wpb_column vc_column_container\"><div class=\"vc_column-inner\"><div class=\"w-iconbox iconpos_top style_outlined color_secondary align_center no_text\"><a title=\"Produse si servicii\" href=\"https:\/\/www.letris.ro\/web\/produse-si-servicii\/\" class=\"w-iconbox-link\" aria-label=\"ARHITECTURI DE APLICA\u021aII\"><div class=\"w-iconbox-icon\" style=\"font-size:3rem;\"><i class=\"fad fa-cubes\"><\/i><\/div><\/a><div class=\"w-iconbox-meta\"><h6 class=\"w-iconbox-title\"><a title=\"Produse si servicii\" href=\"https:\/\/www.letris.ro\/web\/produse-si-servicii\/\" class=\"w-iconbox-link\" aria-label=\"ARHITECTURI DE APLICA\u021aII\">ARHITECTURI DE APLICA\u021aII<\/a><\/h6><\/div><\/div><\/div><\/div><div class=\"wpb_column vc_column_container\"><div class=\"vc_column-inner\"><div class=\"w-iconbox iconpos_top style_outlined color_secondary align_center no_text\"><a title=\"Produse si servicii\" href=\"https:\/\/www.letris.ro\/web\/produse-si-servicii\/\" class=\"w-iconbox-link\" aria-label=\"ITSM (IT SERVICE MANAGEMENT)\"><div class=\"w-iconbox-icon\" style=\"font-size:3rem;\"><i class=\"fad fa-window-restore\"><\/i><\/div><\/a><div class=\"w-iconbox-meta\"><h6 class=\"w-iconbox-title\"><a title=\"Produse si servicii\" href=\"https:\/\/www.letris.ro\/web\/produse-si-servicii\/\" class=\"w-iconbox-link\" aria-label=\"ITSM (IT SERVICE MANAGEMENT)\">ITSM (IT SERVICE MANAGEMENT)<\/a><\/h6><\/div><\/div><\/div><\/div><\/div><\/div><\/div><\/div><\/div><\/section><section class=\"l-section wpb_row us_custom_4e55af8d has_text_color height_small color_secondary\"><div class=\"l-section-h i-cf\"><div class=\"g-cols vc_row via_grid cols_1 laptops-cols_inherit tablets-cols_inherit mobiles-cols_1 valign_top type_default stacking_default\"><div class=\"wpb_column vc_column_container\"><div class=\"vc_column-inner\"><div class=\"wpb_text_column us_custom_6df4bc3a has_text_color\"><div class=\"wpb_wrapper\"><h2 style=\"text-align: center;\">Parteneriate strategice<\/h2>\n<\/div><\/div><div class=\"w-separator size_small\"><\/div><div class=\"wpb_text_column us_custom_6df4bc3a has_text_color\"><div class=\"wpb_wrapper\"><p style=\"text-align: center;\"><a href=\"https:\/\/www.cisco.com\">Cisco Systems<\/a>\u00a0 \u00a0 \u00a0|\u00a0 \u00a0 \u00a0<a href=\"http:\/\/www.elastic.co\">Elasticsearch<\/a>\u00a0 \u00a0 \u00a0|\u00a0 \u00a0 \u00a0<a href=\"http:\/\/www.f5.com\">F5\/NGINX<\/a>\u00a0 \u00a0 \u00a0|\u00a0 \u00a0 \u00a0<a href=\"http:\/\/www.endpointprotector.com\">EndpointProtector<\/a>\u00a0 \u00a0 \u00a0|\u00a0\u00a0\u00a0\u00a0 <a href=\"http:\/\/www.cameyo.com\">Cameyo<\/a>\u00a0 \u00a0 \u00a0|\u00a0\u00a0\u00a0\u00a0 <a href=\"http:\/\/www.nakivo.com\">Nakivo<\/a><\/p>\n<\/div><\/div><\/div><\/div><\/div><\/div><\/section>\n","protected":false},"excerpt":{"rendered":"Consultan\u021b\u0103 Avansat\u0103 pentru Digitalizarea \u0219i Securitatea Afacerii Livr\u0103m servicii IT&amp;C cu suprapunere peste domeniul de consultan\u021b\u0103 de business, oferindu-v\u0103 acces la o ni\u0219\u0103 tehnologic\u0103 specializat\u0103: Consultan\u021b\u0103 Avansat\u0103 pentru Digitalizarea \u0219i Securitatea Afacerii. Construim solu\u021bii puternice \u0219i securizate care s\u0103 devin\u0103 motor principal al rentabilit\u0103\u021bii investi\u021biei \u00een tehnologie pe termen lung, \u00een timp ce c\u0103ut\u0103m s\u0103...","protected":false},"author":1,"featured_media":49,"parent":0,"menu_order":0,"comment_status":"closed","ping_status":"closed","template":"","meta":{"footnotes":""},"class_list":["post-10","page","type-page","status-publish","has-post-thumbnail","hentry"],"yoast_head":"<!-- This site is optimized with the Yoast SEO plugin v27.5 - https:\/\/yoast.com\/product\/yoast-seo-wordpress\/ -->\n<title>Consultan\u021b\u0103 Avansat\u0103 pentru Digitalizarea \u0219i Securitatea Afacerii<\/title>\n<meta name=\"description\" content=\"Letris livreaz\u0103 servicii IT&amp;C cu suprapunere peste domeniul de consultan\u021b\u0103 de business. Arhitecti certificati CCIE. Asistenta. Digitalizare.\" \/>\n<meta name=\"robots\" content=\"index, follow, max-snippet:-1, max-image-preview:large, max-video-preview:-1\" \/>\n<link rel=\"canonical\" href=\"https:\/\/www.letris.ro\/web\/acasa\/\" \/>\n<meta property=\"og:locale\" content=\"en_US\" \/>\n<meta property=\"og:type\" content=\"article\" \/>\n<meta property=\"og:title\" content=\"Consultan\u021b\u0103 Avansat\u0103 pentru Digitalizarea \u0219i Securitatea Afacerii\" \/>\n<meta property=\"og:description\" content=\"Letris livreaz\u0103 servicii IT&amp;C cu suprapunere peste domeniul de consultan\u021b\u0103 de business. Arhitecti certificati CCIE. Asistenta. Digitalizare.\" \/>\n<meta property=\"og:url\" content=\"https:\/\/www.letris.ro\/web\/acasa\/\" \/>\n<meta property=\"og:site_name\" content=\"Letris Alfa Consulting\" \/>\n<meta property=\"article:modified_time\" content=\"2023-05-11T07:09:23+00:00\" \/>\n<meta property=\"og:image\" content=\"https:\/\/www.letris.ro\/web\/wp-content\/uploads\/2023\/01\/header1.jpg\" \/>\n\t<meta property=\"og:image:width\" content=\"1200\" \/>\n\t<meta property=\"og:image:height\" content=\"792\" \/>\n\t<meta property=\"og:image:type\" content=\"image\/jpeg\" \/>\n<meta name=\"twitter:card\" content=\"summary_large_image\" \/>\n<meta name=\"twitter:label1\" content=\"Est. reading time\" \/>\n\t<meta name=\"twitter:data1\" content=\"2 minutes\" \/>\n<script type=\"application\/ld+json\" class=\"yoast-schema-graph\">{\"@context\":\"https:\\\/\\\/schema.org\",\"@graph\":[{\"@type\":\"WebPage\",\"@id\":\"https:\\\/\\\/www.letris.ro\\\/web\\\/acasa\\\/\",\"url\":\"https:\\\/\\\/www.letris.ro\\\/web\\\/acasa\\\/\",\"name\":\"Consultan\u021b\u0103 Avansat\u0103 pentru Digitalizarea \u0219i Securitatea Afacerii\",\"isPartOf\":{\"@id\":\"https:\\\/\\\/www.letris.ro\\\/web\\\/#website\"},\"primaryImageOfPage\":{\"@id\":\"https:\\\/\\\/www.letris.ro\\\/web\\\/acasa\\\/#primaryimage\"},\"image\":{\"@id\":\"https:\\\/\\\/www.letris.ro\\\/web\\\/acasa\\\/#primaryimage\"},\"thumbnailUrl\":\"https:\\\/\\\/www.letris.ro\\\/web\\\/wp-content\\\/uploads\\\/2023\\\/01\\\/header1.jpg\",\"datePublished\":\"2023-01-08T11:01:25+00:00\",\"dateModified\":\"2023-05-11T07:09:23+00:00\",\"description\":\"Letris livreaz\u0103 servicii IT&C cu suprapunere peste domeniul de consultan\u021b\u0103 de business. Arhitecti certificati CCIE. Asistenta. Digitalizare.\",\"breadcrumb\":{\"@id\":\"https:\\\/\\\/www.letris.ro\\\/web\\\/acasa\\\/#breadcrumb\"},\"inLanguage\":\"en-US\",\"potentialAction\":[{\"@type\":\"ReadAction\",\"target\":[\"https:\\\/\\\/www.letris.ro\\\/web\\\/acasa\\\/\"]}]},{\"@type\":\"ImageObject\",\"inLanguage\":\"en-US\",\"@id\":\"https:\\\/\\\/www.letris.ro\\\/web\\\/acasa\\\/#primaryimage\",\"url\":\"https:\\\/\\\/www.letris.ro\\\/web\\\/wp-content\\\/uploads\\\/2023\\\/01\\\/header1.jpg\",\"contentUrl\":\"https:\\\/\\\/www.letris.ro\\\/web\\\/wp-content\\\/uploads\\\/2023\\\/01\\\/header1.jpg\",\"width\":1200,\"height\":792},{\"@type\":\"BreadcrumbList\",\"@id\":\"https:\\\/\\\/www.letris.ro\\\/web\\\/acasa\\\/#breadcrumb\",\"itemListElement\":[{\"@type\":\"ListItem\",\"position\":1,\"name\":\"Home\",\"item\":\"https:\\\/\\\/www.letris.ro\\\/web\\\/\"},{\"@type\":\"ListItem\",\"position\":2,\"name\":\"Acasa\"}]},{\"@type\":\"WebSite\",\"@id\":\"https:\\\/\\\/www.letris.ro\\\/web\\\/#website\",\"url\":\"https:\\\/\\\/www.letris.ro\\\/web\\\/\",\"name\":\"Letris Alfa Consulting\",\"description\":\"\",\"potentialAction\":[{\"@type\":\"SearchAction\",\"target\":{\"@type\":\"EntryPoint\",\"urlTemplate\":\"https:\\\/\\\/www.letris.ro\\\/web\\\/?s={search_term_string}\"},\"query-input\":{\"@type\":\"PropertyValueSpecification\",\"valueRequired\":true,\"valueName\":\"search_term_string\"}}],\"inLanguage\":\"en-US\"}]}<\/script>\n<!-- \/ Yoast SEO plugin. -->","yoast_head_json":{"title":"Consultan\u021b\u0103 Avansat\u0103 pentru Digitalizarea \u0219i Securitatea Afacerii","description":"Letris livreaz\u0103 servicii IT&C cu suprapunere peste domeniul de consultan\u021b\u0103 de business. Arhitecti certificati CCIE. Asistenta. Digitalizare.","robots":{"index":"index","follow":"follow","max-snippet":"max-snippet:-1","max-image-preview":"max-image-preview:large","max-video-preview":"max-video-preview:-1"},"canonical":"https:\/\/www.letris.ro\/web\/acasa\/","og_locale":"en_US","og_type":"article","og_title":"Consultan\u021b\u0103 Avansat\u0103 pentru Digitalizarea \u0219i Securitatea Afacerii","og_description":"Letris livreaz\u0103 servicii IT&C cu suprapunere peste domeniul de consultan\u021b\u0103 de business. Arhitecti certificati CCIE. Asistenta. Digitalizare.","og_url":"https:\/\/www.letris.ro\/web\/acasa\/","og_site_name":"Letris Alfa Consulting","article_modified_time":"2023-05-11T07:09:23+00:00","og_image":[{"width":1200,"height":792,"url":"https:\/\/www.letris.ro\/web\/wp-content\/uploads\/2023\/01\/header1.jpg","type":"image\/jpeg"}],"twitter_card":"summary_large_image","twitter_misc":{"Est. reading time":"2 minutes"},"schema":{"@context":"https:\/\/schema.org","@graph":[{"@type":"WebPage","@id":"https:\/\/www.letris.ro\/web\/acasa\/","url":"https:\/\/www.letris.ro\/web\/acasa\/","name":"Consultan\u021b\u0103 Avansat\u0103 pentru Digitalizarea \u0219i Securitatea Afacerii","isPartOf":{"@id":"https:\/\/www.letris.ro\/web\/#website"},"primaryImageOfPage":{"@id":"https:\/\/www.letris.ro\/web\/acasa\/#primaryimage"},"image":{"@id":"https:\/\/www.letris.ro\/web\/acasa\/#primaryimage"},"thumbnailUrl":"https:\/\/www.letris.ro\/web\/wp-content\/uploads\/2023\/01\/header1.jpg","datePublished":"2023-01-08T11:01:25+00:00","dateModified":"2023-05-11T07:09:23+00:00","description":"Letris livreaz\u0103 servicii IT&C cu suprapunere peste domeniul de consultan\u021b\u0103 de business. Arhitecti certificati CCIE. Asistenta. Digitalizare.","breadcrumb":{"@id":"https:\/\/www.letris.ro\/web\/acasa\/#breadcrumb"},"inLanguage":"en-US","potentialAction":[{"@type":"ReadAction","target":["https:\/\/www.letris.ro\/web\/acasa\/"]}]},{"@type":"ImageObject","inLanguage":"en-US","@id":"https:\/\/www.letris.ro\/web\/acasa\/#primaryimage","url":"https:\/\/www.letris.ro\/web\/wp-content\/uploads\/2023\/01\/header1.jpg","contentUrl":"https:\/\/www.letris.ro\/web\/wp-content\/uploads\/2023\/01\/header1.jpg","width":1200,"height":792},{"@type":"BreadcrumbList","@id":"https:\/\/www.letris.ro\/web\/acasa\/#breadcrumb","itemListElement":[{"@type":"ListItem","position":1,"name":"Home","item":"https:\/\/www.letris.ro\/web\/"},{"@type":"ListItem","position":2,"name":"Acasa"}]},{"@type":"WebSite","@id":"https:\/\/www.letris.ro\/web\/#website","url":"https:\/\/www.letris.ro\/web\/","name":"Letris Alfa Consulting","description":"","potentialAction":[{"@type":"SearchAction","target":{"@type":"EntryPoint","urlTemplate":"https:\/\/www.letris.ro\/web\/?s={search_term_string}"},"query-input":{"@type":"PropertyValueSpecification","valueRequired":true,"valueName":"search_term_string"}}],"inLanguage":"en-US"}]}},"_links":{"self":[{"href":"https:\/\/www.letris.ro\/web\/wp-json\/wp\/v2\/pages\/10","targetHints":{"allow":["GET"]}}],"collection":[{"href":"https:\/\/www.letris.ro\/web\/wp-json\/wp\/v2\/pages"}],"about":[{"href":"https:\/\/www.letris.ro\/web\/wp-json\/wp\/v2\/types\/page"}],"author":[{"embeddable":true,"href":"https:\/\/www.letris.ro\/web\/wp-json\/wp\/v2\/users\/1"}],"replies":[{"embeddable":true,"href":"https:\/\/www.letris.ro\/web\/wp-json\/wp\/v2\/comments?post=10"}],"version-history":[{"count":25,"href":"https:\/\/www.letris.ro\/web\/wp-json\/wp\/v2\/pages\/10\/revisions"}],"predecessor-version":[{"id":279,"href":"https:\/\/www.letris.ro\/web\/wp-json\/wp\/v2\/pages\/10\/revisions\/279"}],"wp:featuredmedia":[{"embeddable":true,"href":"https:\/\/www.letris.ro\/web\/wp-json\/wp\/v2\/media\/49"}],"wp:attachment":[{"href":"https:\/\/www.letris.ro\/web\/wp-json\/wp\/v2\/media?parent=10"}],"curies":[{"name":"wp","href":"https:\/\/api.w.org\/{rel}","templated":true}]}}